{"id":8189,"date":"2024-07-12T14:54:49","date_gmt":"2024-07-12T14:54:49","guid":{"rendered":"https:\/\/www.citycharger.eu\/ansvarsfriskrivning\/"},"modified":"2024-12-18T07:31:54","modified_gmt":"2024-12-18T07:31:54","slug":"ansvarsfriskrivning","status":"publish","type":"page","link":"https:\/\/www.citycharger.eu\/sv\/ansvarsfriskrivning\/","title":{"rendered":"Ansvarsfriskrivning"},"content":{"rendered":"\t\t<div data-elementor-type=\"wp-page\" data-elementor-id=\"8189\" class=\"elementor elementor-8189 elementor-6555\" data-elementor-post-type=\"page\">\n\t\t\t\t<div class=\"elementor-element elementor-element-4994176 e-flex e-con-boxed e-con e-parent\" data-id=\"4994176\" data-element_type=\"container\" data-e-type=\"container\" data-settings=\"{&quot;background_background&quot;:&quot;classic&quot;}\">\n\t\t\t\t\t<div class=\"e-con-inner\">\n\t\t\t\t<div class=\"elementor-element elementor-element-40facc1 elementor-widget elementor-widget-heading\" data-id=\"40facc1\" data-element_type=\"widget\" data-e-type=\"widget\" data-widget_type=\"heading.default\">\n\t\t\t\t<div class=\"elementor-widget-container\">\n\t\t\t\t\t<h1 class=\"elementor-heading-title elementor-size-default\">Ansvarsfriskrivning  <\/h1>\t\t\t\t<\/div>\n\t\t\t\t<\/div>\n\t\t\t\t\t<\/div>\n\t\t\t\t<\/div>\n\t\t<div class=\"elementor-element elementor-element-189034f e-flex e-con-boxed e-con e-parent\" data-id=\"189034f\" data-element_type=\"container\" data-e-type=\"container\" data-settings=\"{&quot;background_background&quot;:&quot;classic&quot;}\">\n\t\t\t\t\t<div class=\"e-con-inner\">\n\t\t<div class=\"elementor-element elementor-element-982f161 e-con-full e-flex e-con e-child\" data-id=\"982f161\" data-element_type=\"container\" data-e-type=\"container\">\n\t\t\t\t<\/div>\n\t\t<div class=\"elementor-element elementor-element-0f88491 e-con-full e-flex e-con e-child\" data-id=\"0f88491\" data-element_type=\"container\" data-e-type=\"container\">\n\t\t\t\t<div class=\"elementor-element elementor-element-f8de039 elementor-widget elementor-widget-heading\" data-id=\"f8de039\" data-element_type=\"widget\" data-e-type=\"widget\" data-widget_type=\"heading.default\">\n\t\t\t\t<div class=\"elementor-widget-container\">\n\t\t\t\t\t<h2 class=\"elementor-heading-title elementor-size-default\">Ansvarsfriskrivning \u2013 CitychargeR  <\/h2>\t\t\t\t<\/div>\n\t\t\t\t<\/div>\n\t\t\t\t<div class=\"elementor-element elementor-element-82197dd elementor-widget elementor-widget-text-editor\" data-id=\"82197dd\" data-element_type=\"widget\" data-e-type=\"widget\" data-widget_type=\"text-editor.default\">\n\t\t\t\t<div class=\"elementor-widget-container\">\n\t\t\t\t\t\t\t\t\t<p><span style=\"font-weight: 400;\">Denna webbplats<\/span> <a href=\"http:\/\/citycharger.kinsta.cloud\/\"><span style=\"font-weight: 400;\">citychargeR.eu<\/span><\/a><span style=\"font-weight: 400;\">  \u00e4r t\u00e4nkt att ge information om v\u00e5r laddningsl\u00f6sning f\u00f6r elfordon i offentliga utrymmen. Vi str\u00e4var efter att tillhandah\u00e5lla korrekt och uppdaterad information, men vi kan inte garantera att allt inneh\u00e5ll \u00e4r felfritt. <\/span><\/p>\n<ol>\n<li style=\"font-weight: 400;\" aria-level=\"1\"><b>Anv\u00e4ndning av webbplatsen<\/b> <span style=\"font-weight: 400;\">: Genom att anv\u00e4nda denna webbplats godk\u00e4nner du villkoren som beskrivs i denna ansvarsfriskrivning.<\/span>\n<\/p>\n<\/li>\n<li style=\"font-weight: 400;\" aria-level=\"1\"><b>Inneh\u00e5ll och ansvar<\/b><span style=\"font-weight: 400;\">: Vi g\u00f6r v\u00e5rt b\u00e4sta f\u00f6r att h\u00e5lla informationen p\u00e5 denna webbplats uppdaterad. \u00c4nd\u00e5 kan vi inte h\u00e5llas ansvariga f\u00f6r eventuella fel, utel\u00e4mnanden eller f\u00f6r\u00e5ldrad information. Anv\u00e4nd informationen p\u00e5 egen risk.  <\/span>\n<\/p>\n<\/li>\n<li style=\"font-weight: 400;\" aria-level=\"1\"><b>Externa l\u00e4nkar<\/b><span style=\"font-weight: 400;\">: Denna webbplats kan inneh\u00e5lla l\u00e4nkar till externa webbplatser. Vi \u00e4r inte ansvariga f\u00f6r inneh\u00e5llet p\u00e5 dessa externa webbplatser. Anv\u00e4ndningen av externa l\u00e4nkar sker p\u00e5 egen risk.  <\/span>\n<\/p>\n<\/li>\n<li style=\"font-weight: 400;\" aria-level=\"1\"><b>Sekretess och cookies<\/b><span style=\"font-weight: 400;\">: Vi respekterar din integritet och agerar i enlighet med den allm\u00e4nna dataskyddsf\u00f6rordningen (GDPR). L\u00e4s oss   <\/span><span style=\"font-weight: 400;\">f\u00f6r mer information om hur vi behandlar dina uppgifter.<\/span>\n<\/p>\n<\/li>\n<li style=\"font-weight: 400;\" aria-level=\"1\"><b>\u00c4ndringar<\/b> <span style=\"font-weight: 400;\">: Vi f\u00f6rbeh\u00e5ller oss r\u00e4tten att \u00e4ndra inneh\u00e5llet p\u00e5 denna webbplats och denna ansvarsfriskrivning n\u00e4r som helst utan f\u00f6reg\u00e5ende meddelande.<\/span><\/li>\n<\/ol>\n<p><span style=\"font-weight: 400;\">Om du har n\u00e5gra fr\u00e5gor eller kommentarer, v\u00e4nligen kontakta oss via<\/span> <a href=\"https:\/\/citycharger.kinsta.cloud\/contact\/\"><span style=\"font-weight: 400;\">kontaktsidan<\/span><\/a> <span style=\"font-weight: 400;\">.<\/span><\/p>\n\t\t\t\t\t\t\t\t<\/div>\n\t\t\t\t<\/div>\n\t\t\t\t<\/div>\n\t\t\t\t\t<\/div>\n\t\t\t\t<\/div>\n\t\t<div class=\"elementor-element elementor-element-5e7505b e-flex e-con-boxed e-con e-parent\" data-id=\"5e7505b\" data-element_type=\"container\" data-e-type=\"container\" data-settings=\"{&quot;background_background&quot;:&quot;classic&quot;}\">\n\t\t\t\t\t<div class=\"e-con-inner\">\n\t\t<div class=\"elementor-element elementor-element-ee6647c e-con-full e-flex e-con e-child\" data-id=\"ee6647c\" data-element_type=\"container\" data-e-type=\"container\" data-settings=\"{&quot;background_background&quot;:&quot;classic&quot;}\">\n\t\t<div class=\"elementor-element elementor-element-c224e0e e-flex e-con-boxed e-con e-child\" data-id=\"c224e0e\" data-element_type=\"container\" data-e-type=\"container\">\n\t\t\t\t\t<div class=\"e-con-inner\">\n\t\t<div class=\"elementor-element elementor-element-4970bcc e-flex e-con-boxed e-con e-child\" data-id=\"4970bcc\" data-element_type=\"container\" data-e-type=\"container\">\n\t\t\t\t\t<div class=\"e-con-inner\">\n\t\t\t\t<div class=\"elementor-element elementor-element-ed2f5cc elementor-widget elementor-widget-heading\" data-id=\"ed2f5cc\" data-element_type=\"widget\" data-e-type=\"widget\" data-widget_type=\"heading.default\">\n\t\t\t\t<div class=\"elementor-widget-container\">\n\t\t\t\t\t<h3 class=\"elementor-heading-title elementor-size-default\">\"S\u00e4ker laddning och lek \u2013 CityChargeR ger en barnv\u00e4nlig milj\u00f6.\"<\/h3>\t\t\t\t<\/div>\n\t\t\t\t<\/div>\n\t\t\t\t\t<\/div>\n\t\t\t\t<\/div>\n\t\t\t\t\t<\/div>\n\t\t\t\t<\/div>\n\t\t\t\t<\/div>\n\t\t<div class=\"elementor-element elementor-element-76a695a e-con-full e-flex e-con e-child\" data-id=\"76a695a\" data-element_type=\"container\" data-e-type=\"container\">\n\t\t\t\t<div class=\"elementor-element elementor-element-e2a9d8f elementor-widget elementor-widget-text-editor\" data-id=\"e2a9d8f\" data-element_type=\"widget\" data-e-type=\"widget\" data-widget_type=\"text-editor.default\">\n\t\t\t\t<div class=\"elementor-widget-container\">\n\t\t\t\t\t\t\t\t\t<h2>Vill du ocks\u00e5 ladda bekymmersfritt?<\/h2>\n\t\t\t\t\t\t\t\t<\/div>\n\t\t\t\t<\/div>\n\t\t\t\t<div class=\"elementor-element elementor-element-46eedda elementor-widget elementor-widget-text-editor\" data-id=\"46eedda\" data-element_type=\"widget\" data-e-type=\"widget\" data-widget_type=\"text-editor.default\">\n\t\t\t\t<div class=\"elementor-widget-container\">\n\t\t\t\t\t\t\t\t\t<p>\u00c4r du nyfiken p\u00e5 vad CityChargeR kan g\u00f6ra f\u00f6r din kommun eller ditt projekt? Vi ber\u00e4ttar g\u00e4rna om m\u00f6jligheterna.   <\/p>\n\t\t\t\t\t\t\t\t<\/div>\n\t\t\t\t<\/div>\n\t\t\t\t<div class=\"elementor-element elementor-element-3908533 elementor-widget elementor-widget-text-editor\" data-id=\"3908533\" data-element_type=\"widget\" data-e-type=\"widget\" data-widget_type=\"text-editor.default\">\n\t\t\t\t<div class=\"elementor-widget-container\">\n\t\t\t\t\t\t\t\t\t<p><strong>Kontakta n\u00e5gon av v\u00e5ra r\u00e5dgivare.<\/strong><\/p>\n\t\t\t\t\t\t\t\t<\/div>\n\t\t\t\t<\/div>\n\t\t\t\t<div class=\"elementor-element elementor-element-fca53d0 elementor-mobile-align-left elementor-widget elementor-widget-button\" data-id=\"fca53d0\" data-element_type=\"widget\" data-e-type=\"widget\" data-widget_type=\"button.default\">\n\t\t\t\t<div class=\"elementor-widget-container\">\n\t\t\t\t\t\t\t\t\t<div class=\"elementor-button-wrapper\">\n\t\t\t\t\t<a class=\"elementor-button elementor-button-link elementor-size-sm\" href=\"http:\/\/+31850716620\">\n\t\t\t\t\t\t<span class=\"elementor-button-content-wrapper\">\n\t\t\t\t\t\t<span class=\"elementor-button-icon\">\n\t\t\t\t<svg aria-hidden=\"true\" class=\"e-font-icon-svg e-fas-phone-alt\" viewBox=\"0 0 512 512\" xmlns=\"http:\/\/www.w3.org\/2000\/svg\"><path d=\"M497.39 361.8l-112-48a24 24 0 0 0-28 6.9l-49.6 60.6A370.66 370.66 0 0 1 130.6 204.11l60.6-49.6a23.94 23.94 0 0 0 6.9-28l-48-112A24.16 24.16 0 0 0 122.6.61l-104 24A24 24 0 0 0 0 48c0 256.5 207.9 464 464 464a24 24 0 0 0 23.4-18.6l24-104a24.29 24.29 0 0 0-14.01-27.6z\"><\/path><\/svg>\t\t\t<\/span>\n\t\t\t\t\t\t\t\t\t<span class=\"elementor-button-text\">085-0716620<\/span>\n\t\t\t\t\t<\/span>\n\t\t\t\t\t<\/a>\n\t\t\t\t<\/div>\n\t\t\t\t\t\t\t\t<\/div>\n\t\t\t\t<\/div>\n\t\t\t\t<div class=\"elementor-element elementor-element-d43e562 elementor-align-left animated-fast elementor-invisible elementor-widget elementor-widget-button\" data-id=\"d43e562\" data-element_type=\"widget\" data-e-type=\"widget\" data-settings=\"{&quot;_animation&quot;:&quot;zoomIn&quot;}\" data-widget_type=\"button.default\">\n\t\t\t\t<div class=\"elementor-widget-container\">\n\t\t\t\t\t\t\t\t\t<div class=\"elementor-button-wrapper\">\n\t\t\t\t\t<a class=\"elementor-button elementor-button-link elementor-size-sm\" href=\"https:\/\/www.citycharger.eu\/contact\/\">\n\t\t\t\t\t\t<span class=\"elementor-button-content-wrapper\">\n\t\t\t\t\t\t\t\t\t<span class=\"elementor-button-text\">Kontakta<\/span>\n\t\t\t\t\t<\/span>\n\t\t\t\t\t<\/a>\n\t\t\t\t<\/div>\n\t\t\t\t\t\t\t\t<\/div>\n\t\t\t\t<\/div>\n\t\t\t\t<\/div>\n\t\t\t\t\t<\/div>\n\t\t\t\t<\/div>\n\t\t\t\t<\/div>\n\t\t","protected":false},"excerpt":{"rendered":"<p>Ansvarsfriskrivning Ansvarsfriskrivning \u2013 CitychargeR Denna webbplats citychargeR.eu \u00e4r t\u00e4nkt att ge information om v\u00e5r laddningsl\u00f6sning f\u00f6r elfordon i offentliga utrymmen. Vi str\u00e4var efter att tillhandah\u00e5lla korrekt och uppdaterad information, men vi kan inte garantera att allt inneh\u00e5ll \u00e4r felfritt. Anv\u00e4ndning av webbplatsen : Genom att anv\u00e4nda denna webbplats godk\u00e4nner du villkoren som beskrivs i denna [&hellip;]<\/p>\n","protected":false},"author":1,"featured_media":0,"parent":0,"menu_order":0,"comment_status":"closed","ping_status":"closed","template":"elementor_header_footer","meta":{"footnotes":""},"class_list":["post-8189","page","type-page","status-publish","hentry"],"yoast_head":"<!-- This site is optimized with the Yoast SEO plugin v27.5 - https:\/\/yoast.com\/product\/yoast-seo-wordpress\/ -->\n<title>Ansvarsfriskrivning - CityChargeR<\/title>\n<meta name=\"robots\" content=\"index, follow, max-snippet:-1, max-image-preview:large, max-video-preview:-1\" \/>\n<link rel=\"canonical\" href=\"https:\/\/www.citycharger.eu\/sv\/ansvarsfriskrivning\/\" \/>\n<meta property=\"og:locale\" content=\"sv_SE\" \/>\n<meta property=\"og:type\" content=\"article\" \/>\n<meta property=\"og:title\" content=\"Ansvarsfriskrivning - CityChargeR\" \/>\n<meta property=\"og:description\" content=\"Ansvarsfriskrivning Ansvarsfriskrivning \u2013 CitychargeR Denna webbplats citychargeR.eu \u00e4r t\u00e4nkt att ge information om v\u00e5r laddningsl\u00f6sning f\u00f6r elfordon i offentliga utrymmen. Vi str\u00e4var efter att tillhandah\u00e5lla korrekt och uppdaterad information, men vi kan inte garantera att allt inneh\u00e5ll \u00e4r felfritt. Anv\u00e4ndning av webbplatsen : Genom att anv\u00e4nda denna webbplats godk\u00e4nner du villkoren som beskrivs i denna [&hellip;]\" \/>\n<meta property=\"og:url\" content=\"https:\/\/www.citycharger.eu\/sv\/ansvarsfriskrivning\/\" \/>\n<meta property=\"og:site_name\" content=\"CityChargeR\" \/>\n<meta property=\"article:modified_time\" content=\"2024-12-18T07:31:54+00:00\" \/>\n<meta name=\"twitter:card\" content=\"summary_large_image\" \/>\n<meta name=\"twitter:label1\" content=\"Ber\u00e4knad l\u00e4stid\" \/>\n\t<meta name=\"twitter:data1\" content=\"1 minut\" \/>\n<script type=\"application\/ld+json\" class=\"yoast-schema-graph\">{\"@context\":\"https:\\\/\\\/schema.org\",\"@graph\":[{\"@type\":\"WebPage\",\"@id\":\"https:\\\/\\\/www.citycharger.eu\\\/sv\\\/ansvarsfriskrivning\\\/\",\"url\":\"https:\\\/\\\/www.citycharger.eu\\\/sv\\\/ansvarsfriskrivning\\\/\",\"name\":\"Ansvarsfriskrivning - CityChargeR\",\"isPartOf\":{\"@id\":\"https:\\\/\\\/www.citycharger.eu\\\/sv\\\/#website\"},\"datePublished\":\"2024-07-12T14:54:49+00:00\",\"dateModified\":\"2024-12-18T07:31:54+00:00\",\"breadcrumb\":{\"@id\":\"https:\\\/\\\/www.citycharger.eu\\\/sv\\\/ansvarsfriskrivning\\\/#breadcrumb\"},\"inLanguage\":\"sv-SE\",\"potentialAction\":[{\"@type\":\"ReadAction\",\"target\":[\"https:\\\/\\\/www.citycharger.eu\\\/sv\\\/ansvarsfriskrivning\\\/\"]}]},{\"@type\":\"BreadcrumbList\",\"@id\":\"https:\\\/\\\/www.citycharger.eu\\\/sv\\\/ansvarsfriskrivning\\\/#breadcrumb\",\"itemListElement\":[{\"@type\":\"ListItem\",\"position\":1,\"name\":\"Home\",\"item\":\"https:\\\/\\\/www.citycharger.eu\\\/sv\\\/hem\\\/\"},{\"@type\":\"ListItem\",\"position\":2,\"name\":\"Ansvarsfriskrivning\"}]},{\"@type\":\"WebSite\",\"@id\":\"https:\\\/\\\/www.citycharger.eu\\\/sv\\\/#website\",\"url\":\"https:\\\/\\\/www.citycharger.eu\\\/sv\\\/\",\"name\":\"CityChargeR\",\"description\":\"\",\"potentialAction\":[{\"@type\":\"SearchAction\",\"target\":{\"@type\":\"EntryPoint\",\"urlTemplate\":\"https:\\\/\\\/www.citycharger.eu\\\/sv\\\/?s={search_term_string}\"},\"query-input\":{\"@type\":\"PropertyValueSpecification\",\"valueRequired\":true,\"valueName\":\"search_term_string\"}}],\"inLanguage\":\"sv-SE\"}]}<\/script>\n<!-- \/ Yoast SEO plugin. -->","yoast_head_json":{"title":"Ansvarsfriskrivning - CityChargeR","robots":{"index":"index","follow":"follow","max-snippet":"max-snippet:-1","max-image-preview":"max-image-preview:large","max-video-preview":"max-video-preview:-1"},"canonical":"https:\/\/www.citycharger.eu\/sv\/ansvarsfriskrivning\/","og_locale":"sv_SE","og_type":"article","og_title":"Ansvarsfriskrivning - CityChargeR","og_description":"Ansvarsfriskrivning Ansvarsfriskrivning \u2013 CitychargeR Denna webbplats citychargeR.eu \u00e4r t\u00e4nkt att ge information om v\u00e5r laddningsl\u00f6sning f\u00f6r elfordon i offentliga utrymmen. Vi str\u00e4var efter att tillhandah\u00e5lla korrekt och uppdaterad information, men vi kan inte garantera att allt inneh\u00e5ll \u00e4r felfritt. Anv\u00e4ndning av webbplatsen : Genom att anv\u00e4nda denna webbplats godk\u00e4nner du villkoren som beskrivs i denna [&hellip;]","og_url":"https:\/\/www.citycharger.eu\/sv\/ansvarsfriskrivning\/","og_site_name":"CityChargeR","article_modified_time":"2024-12-18T07:31:54+00:00","twitter_card":"summary_large_image","twitter_misc":{"Ber\u00e4knad l\u00e4stid":"1 minut"},"schema":{"@context":"https:\/\/schema.org","@graph":[{"@type":"WebPage","@id":"https:\/\/www.citycharger.eu\/sv\/ansvarsfriskrivning\/","url":"https:\/\/www.citycharger.eu\/sv\/ansvarsfriskrivning\/","name":"Ansvarsfriskrivning - CityChargeR","isPartOf":{"@id":"https:\/\/www.citycharger.eu\/sv\/#website"},"datePublished":"2024-07-12T14:54:49+00:00","dateModified":"2024-12-18T07:31:54+00:00","breadcrumb":{"@id":"https:\/\/www.citycharger.eu\/sv\/ansvarsfriskrivning\/#breadcrumb"},"inLanguage":"sv-SE","potentialAction":[{"@type":"ReadAction","target":["https:\/\/www.citycharger.eu\/sv\/ansvarsfriskrivning\/"]}]},{"@type":"BreadcrumbList","@id":"https:\/\/www.citycharger.eu\/sv\/ansvarsfriskrivning\/#breadcrumb","itemListElement":[{"@type":"ListItem","position":1,"name":"Home","item":"https:\/\/www.citycharger.eu\/sv\/hem\/"},{"@type":"ListItem","position":2,"name":"Ansvarsfriskrivning"}]},{"@type":"WebSite","@id":"https:\/\/www.citycharger.eu\/sv\/#website","url":"https:\/\/www.citycharger.eu\/sv\/","name":"CityChargeR","description":"","potentialAction":[{"@type":"SearchAction","target":{"@type":"EntryPoint","urlTemplate":"https:\/\/www.citycharger.eu\/sv\/?s={search_term_string}"},"query-input":{"@type":"PropertyValueSpecification","valueRequired":true,"valueName":"search_term_string"}}],"inLanguage":"sv-SE"}]}},"_links":{"self":[{"href":"https:\/\/www.citycharger.eu\/sv\/wp-json\/wp\/v2\/pages\/8189","targetHints":{"allow":["GET"]}}],"collection":[{"href":"https:\/\/www.citycharger.eu\/sv\/wp-json\/wp\/v2\/pages"}],"about":[{"href":"https:\/\/www.citycharger.eu\/sv\/wp-json\/wp\/v2\/types\/page"}],"author":[{"embeddable":true,"href":"https:\/\/www.citycharger.eu\/sv\/wp-json\/wp\/v2\/users\/1"}],"replies":[{"embeddable":true,"href":"https:\/\/www.citycharger.eu\/sv\/wp-json\/wp\/v2\/comments?post=8189"}],"version-history":[{"count":2,"href":"https:\/\/www.citycharger.eu\/sv\/wp-json\/wp\/v2\/pages\/8189\/revisions"}],"predecessor-version":[{"id":8200,"href":"https:\/\/www.citycharger.eu\/sv\/wp-json\/wp\/v2\/pages\/8189\/revisions\/8200"}],"wp:attachment":[{"href":"https:\/\/www.citycharger.eu\/sv\/wp-json\/wp\/v2\/media?parent=8189"}],"curies":[{"name":"wp","href":"https:\/\/api.w.org\/{rel}","templated":true}]}}