{"id":8230,"date":"2024-05-13T07:57:42","date_gmt":"2024-05-13T07:57:42","guid":{"rendered":"https:\/\/www.citycharger.eu\/harta-site-ului\/"},"modified":"2024-12-18T07:32:01","modified_gmt":"2024-12-18T07:32:01","slug":"harta-site-ului","status":"publish","type":"page","link":"https:\/\/www.citycharger.eu\/ro\/harta-site-ului\/","title":{"rendered":"Harta site-ului"},"content":{"rendered":"\t\t<div data-elementor-type=\"wp-page\" data-elementor-id=\"8230\" class=\"elementor elementor-8230 elementor-655\" data-elementor-post-type=\"page\">\n\t\t\t\t<div class=\"elementor-element elementor-element-4994176 e-flex e-con-boxed e-con e-parent\" data-id=\"4994176\" data-element_type=\"container\" data-e-type=\"container\" data-settings=\"{&quot;background_background&quot;:&quot;classic&quot;}\">\n\t\t\t\t\t<div class=\"e-con-inner\">\n\t\t\t\t<div class=\"elementor-element elementor-element-40facc1 elementor-widget elementor-widget-heading\" data-id=\"40facc1\" data-element_type=\"widget\" data-e-type=\"widget\" data-widget_type=\"heading.default\">\n\t\t\t\t<div class=\"elementor-widget-container\">\n\t\t\t\t\t<h1 class=\"elementor-heading-title elementor-size-default\">Harta site-ului  <\/h1>\t\t\t\t<\/div>\n\t\t\t\t<\/div>\n\t\t\t\t\t<\/div>\n\t\t\t\t<\/div>\n\t\t<div class=\"elementor-element elementor-element-e83b362 linkzwart e-flex e-con-boxed e-con e-parent\" data-id=\"e83b362\" data-element_type=\"container\" data-e-type=\"container\" data-settings=\"{&quot;background_background&quot;:&quot;classic&quot;}\">\n\t\t\t\t\t<div class=\"e-con-inner\">\n\t\t<div class=\"elementor-element elementor-element-9d4b3fe e-con-full e-flex e-con e-child\" data-id=\"9d4b3fe\" data-element_type=\"container\" data-e-type=\"container\">\n\t\t\t\t<div class=\"elementor-element elementor-element-10b9202 elementor-widget elementor-widget-text-editor\" data-id=\"10b9202\" data-element_type=\"widget\" data-e-type=\"widget\" data-widget_type=\"text-editor.default\">\n\t\t\t\t<div class=\"elementor-widget-container\">\n\t\t\t\t\t\t\t\t\t<ul>\n<li><div class=\"wsp-container\"><\/div><\/li>\n<\/ul>\n\t\t\t\t\t\t\t\t<\/div>\n\t\t\t\t<\/div>\n\t\t\t\t<\/div>\n\t\t<div class=\"elementor-element elementor-element-60ea742 e-con-full e-flex e-con e-child\" data-id=\"60ea742\" data-element_type=\"container\" data-e-type=\"container\">\n\t\t\t\t<div class=\"elementor-element elementor-element-2d2792b elementor-widget elementor-widget-text-editor\" data-id=\"2d2792b\" data-element_type=\"widget\" data-e-type=\"widget\" data-widget_type=\"text-editor.default\">\n\t\t\t\t<div class=\"elementor-widget-container\">\n\t\t\t\t\t\t\t\t\t<ul>\n<li><div class=\"wsp-container\"><h2 class=\"wsp-pages-title\">Pages<\/h2>\n<ul class=\"wsp-pages-list\">\n<li class=\"page_item page-item-8311\"><a href=\"https:\/\/www.citycharger.eu\/ro\/\">Acas\u0103<\/a><\/li>\n<li class=\"page_item page-item-8032\"><a href=\"https:\/\/www.citycharger.eu\/ro\/contact\/\">Contact<\/a><\/li>\n<li class=\"page_item page-item-8199\"><a href=\"https:\/\/www.citycharger.eu\/ro\/disclaimer\/\">Disclaimer<\/a><\/li>\n<li class=\"page_item page-item-8027\"><a href=\"https:\/\/www.citycharger.eu\/ro\/formular-de-contact-pagina-de-multumiri\/\">Formular de contact pagina de multumiri<\/a><\/li>\n<li class=\"page_item page-item-8230\"><a href=\"https:\/\/www.citycharger.eu\/ro\/harta-site-ului\/\">Harta site-ului<\/a><\/li>\n<li class=\"page_item page-item-8226\"><a href=\"https:\/\/www.citycharger.eu\/ro\/politica-de-confidentialitate\/\">Politica de confiden\u021bialitate<\/a><\/li>\n<li class=\"page_item page-item-8181\"><a href=\"https:\/\/www.citycharger.eu\/ro\/instrument-de-calcul\/\">Quickscan<\/a><\/li>\n<li class=\"page_item page-item-8202\"><a href=\"https:\/\/www.citycharger.eu\/ro\/solutie-de-incarcare\/\">Solu\u021bie de \u00eenc\u0103rcare<\/a><\/li>\n<\/ul>\n<\/div><\/li>\n<\/ul>\n\t\t\t\t\t\t\t\t<\/div>\n\t\t\t\t<\/div>\n\t\t\t\t<\/div>\n\t\t\t\t\t<\/div>\n\t\t\t\t<\/div>\n\t\t<div class=\"elementor-element elementor-element-5bdfffa e-flex e-con-boxed e-con e-parent\" data-id=\"5bdfffa\" data-element_type=\"container\" data-e-type=\"container\" data-settings=\"{&quot;background_background&quot;:&quot;classic&quot;}\">\n\t\t\t\t\t<div class=\"e-con-inner\">\n\t\t<div class=\"elementor-element elementor-element-9c0d534 e-con-full e-flex e-con e-child\" data-id=\"9c0d534\" data-element_type=\"container\" data-e-type=\"container\" data-settings=\"{&quot;background_background&quot;:&quot;classic&quot;}\">\n\t\t<div class=\"elementor-element elementor-element-daf70e3 e-flex e-con-boxed e-con e-child\" data-id=\"daf70e3\" data-element_type=\"container\" data-e-type=\"container\">\n\t\t\t\t\t<div class=\"e-con-inner\">\n\t\t<div class=\"elementor-element elementor-element-9be657b e-flex e-con-boxed e-con e-child\" data-id=\"9be657b\" data-element_type=\"container\" data-e-type=\"container\">\n\t\t\t\t\t<div class=\"e-con-inner\">\n\t\t\t\t<div class=\"elementor-element elementor-element-20a910c elementor-widget elementor-widget-heading\" data-id=\"20a910c\" data-element_type=\"widget\" data-e-type=\"widget\" data-widget_type=\"heading.default\">\n\t\t\t\t<div class=\"elementor-widget-container\">\n\t\t\t\t\t<h3 class=\"elementor-heading-title elementor-size-default\">\u201e\u00cenc\u0103rcare \u0219i joac\u0103 \u00een siguran\u021b\u0103 \u2013 CityCharge ofer\u0103 un mediu prietenos pentru copii.\u201d<\/h3>\t\t\t\t<\/div>\n\t\t\t\t<\/div>\n\t\t\t\t\t<\/div>\n\t\t\t\t<\/div>\n\t\t\t\t\t<\/div>\n\t\t\t\t<\/div>\n\t\t\t\t<\/div>\n\t\t<div class=\"elementor-element elementor-element-35fd8d1 e-con-full e-flex e-con e-child\" data-id=\"35fd8d1\" data-element_type=\"container\" data-e-type=\"container\">\n\t\t\t\t<div class=\"elementor-element elementor-element-b99b5e3 elementor-widget elementor-widget-text-editor\" data-id=\"b99b5e3\" data-element_type=\"widget\" data-e-type=\"widget\" data-widget_type=\"text-editor.default\">\n\t\t\t\t<div class=\"elementor-widget-container\">\n\t\t\t\t\t\t\t\t\t<h2>De asemenea, a\u021bi dori s\u0103 \u00eenc\u0103rca\u021bi f\u0103r\u0103 griji?<\/h2>\n\t\t\t\t\t\t\t\t<\/div>\n\t\t\t\t<\/div>\n\t\t\t\t<div class=\"elementor-element elementor-element-b9db6f6 elementor-widget elementor-widget-text-editor\" data-id=\"b9db6f6\" data-element_type=\"widget\" data-e-type=\"widget\" data-widget_type=\"text-editor.default\">\n\t\t\t\t<div class=\"elementor-widget-container\">\n\t\t\t\t\t\t\t\t\t<p>E\u0219ti curios ce poate face CityCharge pentru municipalitatea sau proiectul t\u0103u? Suntem bucuro\u0219i s\u0103 v\u0103 spunem despre posibilit\u0103\u021bi.   <\/p>\n\t\t\t\t\t\t\t\t<\/div>\n\t\t\t\t<\/div>\n\t\t\t\t<div class=\"elementor-element elementor-element-a646ef4 elementor-widget elementor-widget-text-editor\" data-id=\"a646ef4\" data-element_type=\"widget\" data-e-type=\"widget\" data-widget_type=\"text-editor.default\">\n\t\t\t\t<div class=\"elementor-widget-container\">\n\t\t\t\t\t\t\t\t\t<p><strong>Contacta\u021bi unul dintre consilierii no\u0219tri.<\/strong><\/p>\n\t\t\t\t\t\t\t\t<\/div>\n\t\t\t\t<\/div>\n\t\t\t\t<div class=\"elementor-element elementor-element-f75e8fd elementor-mobile-align-left elementor-widget elementor-widget-button\" data-id=\"f75e8fd\" data-element_type=\"widget\" data-e-type=\"widget\" data-widget_type=\"button.default\">\n\t\t\t\t<div class=\"elementor-widget-container\">\n\t\t\t\t\t\t\t\t\t<div class=\"elementor-button-wrapper\">\n\t\t\t\t\t<a class=\"elementor-button elementor-button-link elementor-size-sm\" href=\"http:\/\/+31850716620\">\n\t\t\t\t\t\t<span class=\"elementor-button-content-wrapper\">\n\t\t\t\t\t\t<span class=\"elementor-button-icon\">\n\t\t\t\t<svg aria-hidden=\"true\" class=\"e-font-icon-svg e-fas-phone-alt\" viewBox=\"0 0 512 512\" xmlns=\"http:\/\/www.w3.org\/2000\/svg\"><path d=\"M497.39 361.8l-112-48a24 24 0 0 0-28 6.9l-49.6 60.6A370.66 370.66 0 0 1 130.6 204.11l60.6-49.6a23.94 23.94 0 0 0 6.9-28l-48-112A24.16 24.16 0 0 0 122.6.61l-104 24A24 24 0 0 0 0 48c0 256.5 207.9 464 464 464a24 24 0 0 0 23.4-18.6l24-104a24.29 24.29 0 0 0-14.01-27.6z\"><\/path><\/svg>\t\t\t<\/span>\n\t\t\t\t\t\t\t\t\t<span class=\"elementor-button-text\">085-0716620<\/span>\n\t\t\t\t\t<\/span>\n\t\t\t\t\t<\/a>\n\t\t\t\t<\/div>\n\t\t\t\t\t\t\t\t<\/div>\n\t\t\t\t<\/div>\n\t\t\t\t<div class=\"elementor-element elementor-element-30ef0cc elementor-align-left animated-fast elementor-invisible elementor-widget elementor-widget-button\" data-id=\"30ef0cc\" data-element_type=\"widget\" data-e-type=\"widget\" data-settings=\"{&quot;_animation&quot;:&quot;zoomIn&quot;}\" data-widget_type=\"button.default\">\n\t\t\t\t<div class=\"elementor-widget-container\">\n\t\t\t\t\t\t\t\t\t<div class=\"elementor-button-wrapper\">\n\t\t\t\t\t<a class=\"elementor-button elementor-button-link elementor-size-sm\" href=\"https:\/\/www.citycharger.eu\/ro\/contact\/\">\n\t\t\t\t\t\t<span class=\"elementor-button-content-wrapper\">\n\t\t\t\t\t\t\t\t\t<span class=\"elementor-button-text\">Contact<\/span>\n\t\t\t\t\t<\/span>\n\t\t\t\t\t<\/a>\n\t\t\t\t<\/div>\n\t\t\t\t\t\t\t\t<\/div>\n\t\t\t\t<\/div>\n\t\t\t\t<\/div>\n\t\t\t\t\t<\/div>\n\t\t\t\t<\/div>\n\t\t\t\t<\/div>\n\t\t","protected":false},"excerpt":{"rendered":"<p>Harta site-ului \u201e\u00cenc\u0103rcare \u0219i joac\u0103 \u00een siguran\u021b\u0103 \u2013 CityCharge ofer\u0103 un mediu prietenos pentru copii.\u201d De asemenea, a\u021bi dori s\u0103 \u00eenc\u0103rca\u021bi f\u0103r\u0103 griji? E\u0219ti curios ce poate face CityCharge pentru municipalitatea sau proiectul t\u0103u? Suntem bucuro\u0219i s\u0103 v\u0103 spunem despre posibilit\u0103\u021bi. Contacta\u021bi unul dintre consilierii no\u0219tri. 085-0716620 Contact<\/p>\n","protected":false},"author":1,"featured_media":0,"parent":0,"menu_order":0,"comment_status":"closed","ping_status":"closed","template":"elementor_header_footer","meta":{"footnotes":""},"class_list":["post-8230","page","type-page","status-publish","hentry"],"yoast_head":"<!-- This site is optimized with the Yoast SEO plugin v27.4 - https:\/\/yoast.com\/product\/yoast-seo-wordpress\/ -->\n<title>Harta site-ului - CityChargeR<\/title>\n<meta name=\"robots\" content=\"index, follow, max-snippet:-1, max-image-preview:large, max-video-preview:-1\" \/>\n<link rel=\"canonical\" href=\"https:\/\/www.citycharger.eu\/ro\/harta-site-ului\/\" \/>\n<meta property=\"og:locale\" content=\"ro_RO\" \/>\n<meta property=\"og:type\" content=\"article\" \/>\n<meta property=\"og:title\" content=\"Harta site-ului - CityChargeR\" \/>\n<meta property=\"og:description\" content=\"Harta site-ului \u201e\u00cenc\u0103rcare \u0219i joac\u0103 \u00een siguran\u021b\u0103 \u2013 CityCharge ofer\u0103 un mediu prietenos pentru copii.\u201d De asemenea, a\u021bi dori s\u0103 \u00eenc\u0103rca\u021bi f\u0103r\u0103 griji? E\u0219ti curios ce poate face CityCharge pentru municipalitatea sau proiectul t\u0103u? Suntem bucuro\u0219i s\u0103 v\u0103 spunem despre posibilit\u0103\u021bi. Contacta\u021bi unul dintre consilierii no\u0219tri. 085-0716620 Contact\" \/>\n<meta property=\"og:url\" content=\"https:\/\/www.citycharger.eu\/ro\/harta-site-ului\/\" \/>\n<meta property=\"og:site_name\" content=\"CityChargeR\" \/>\n<meta property=\"article:modified_time\" content=\"2024-12-18T07:32:01+00:00\" \/>\n<meta name=\"twitter:card\" content=\"summary_large_image\" \/>\n<script type=\"application\/ld+json\" class=\"yoast-schema-graph\">{\"@context\":\"https:\\\/\\\/schema.org\",\"@graph\":[{\"@type\":\"WebPage\",\"@id\":\"https:\\\/\\\/www.citycharger.eu\\\/ro\\\/harta-site-ului\\\/\",\"url\":\"https:\\\/\\\/www.citycharger.eu\\\/ro\\\/harta-site-ului\\\/\",\"name\":\"Harta site-ului - CityChargeR\",\"isPartOf\":{\"@id\":\"https:\\\/\\\/www.citycharger.eu\\\/ro\\\/#website\"},\"datePublished\":\"2024-05-13T07:57:42+00:00\",\"dateModified\":\"2024-12-18T07:32:01+00:00\",\"breadcrumb\":{\"@id\":\"https:\\\/\\\/www.citycharger.eu\\\/ro\\\/harta-site-ului\\\/#breadcrumb\"},\"inLanguage\":\"ro-RO\",\"potentialAction\":[{\"@type\":\"ReadAction\",\"target\":[\"https:\\\/\\\/www.citycharger.eu\\\/ro\\\/harta-site-ului\\\/\"]}]},{\"@type\":\"BreadcrumbList\",\"@id\":\"https:\\\/\\\/www.citycharger.eu\\\/ro\\\/harta-site-ului\\\/#breadcrumb\",\"itemListElement\":[{\"@type\":\"ListItem\",\"position\":1,\"name\":\"Home\",\"item\":\"https:\\\/\\\/www.citycharger.eu\\\/ro\\\/acasa\\\/\"},{\"@type\":\"ListItem\",\"position\":2,\"name\":\"Harta site-ului\"}]},{\"@type\":\"WebSite\",\"@id\":\"https:\\\/\\\/www.citycharger.eu\\\/ro\\\/#website\",\"url\":\"https:\\\/\\\/www.citycharger.eu\\\/ro\\\/\",\"name\":\"CityChargeR\",\"description\":\"\",\"potentialAction\":[{\"@type\":\"SearchAction\",\"target\":{\"@type\":\"EntryPoint\",\"urlTemplate\":\"https:\\\/\\\/www.citycharger.eu\\\/ro\\\/?s={search_term_string}\"},\"query-input\":{\"@type\":\"PropertyValueSpecification\",\"valueRequired\":true,\"valueName\":\"search_term_string\"}}],\"inLanguage\":\"ro-RO\"}]}<\/script>\n<!-- \/ Yoast SEO plugin. -->","yoast_head_json":{"title":"Harta site-ului - CityChargeR","robots":{"index":"index","follow":"follow","max-snippet":"max-snippet:-1","max-image-preview":"max-image-preview:large","max-video-preview":"max-video-preview:-1"},"canonical":"https:\/\/www.citycharger.eu\/ro\/harta-site-ului\/","og_locale":"ro_RO","og_type":"article","og_title":"Harta site-ului - CityChargeR","og_description":"Harta site-ului \u201e\u00cenc\u0103rcare \u0219i joac\u0103 \u00een siguran\u021b\u0103 \u2013 CityCharge ofer\u0103 un mediu prietenos pentru copii.\u201d De asemenea, a\u021bi dori s\u0103 \u00eenc\u0103rca\u021bi f\u0103r\u0103 griji? E\u0219ti curios ce poate face CityCharge pentru municipalitatea sau proiectul t\u0103u? Suntem bucuro\u0219i s\u0103 v\u0103 spunem despre posibilit\u0103\u021bi. Contacta\u021bi unul dintre consilierii no\u0219tri. 085-0716620 Contact","og_url":"https:\/\/www.citycharger.eu\/ro\/harta-site-ului\/","og_site_name":"CityChargeR","article_modified_time":"2024-12-18T07:32:01+00:00","twitter_card":"summary_large_image","schema":{"@context":"https:\/\/schema.org","@graph":[{"@type":"WebPage","@id":"https:\/\/www.citycharger.eu\/ro\/harta-site-ului\/","url":"https:\/\/www.citycharger.eu\/ro\/harta-site-ului\/","name":"Harta site-ului - CityChargeR","isPartOf":{"@id":"https:\/\/www.citycharger.eu\/ro\/#website"},"datePublished":"2024-05-13T07:57:42+00:00","dateModified":"2024-12-18T07:32:01+00:00","breadcrumb":{"@id":"https:\/\/www.citycharger.eu\/ro\/harta-site-ului\/#breadcrumb"},"inLanguage":"ro-RO","potentialAction":[{"@type":"ReadAction","target":["https:\/\/www.citycharger.eu\/ro\/harta-site-ului\/"]}]},{"@type":"BreadcrumbList","@id":"https:\/\/www.citycharger.eu\/ro\/harta-site-ului\/#breadcrumb","itemListElement":[{"@type":"ListItem","position":1,"name":"Home","item":"https:\/\/www.citycharger.eu\/ro\/acasa\/"},{"@type":"ListItem","position":2,"name":"Harta site-ului"}]},{"@type":"WebSite","@id":"https:\/\/www.citycharger.eu\/ro\/#website","url":"https:\/\/www.citycharger.eu\/ro\/","name":"CityChargeR","description":"","potentialAction":[{"@type":"SearchAction","target":{"@type":"EntryPoint","urlTemplate":"https:\/\/www.citycharger.eu\/ro\/?s={search_term_string}"},"query-input":{"@type":"PropertyValueSpecification","valueRequired":true,"valueName":"search_term_string"}}],"inLanguage":"ro-RO"}]}},"_links":{"self":[{"href":"https:\/\/www.citycharger.eu\/ro\/wp-json\/wp\/v2\/pages\/8230","targetHints":{"allow":["GET"]}}],"collection":[{"href":"https:\/\/www.citycharger.eu\/ro\/wp-json\/wp\/v2\/pages"}],"about":[{"href":"https:\/\/www.citycharger.eu\/ro\/wp-json\/wp\/v2\/types\/page"}],"author":[{"embeddable":true,"href":"https:\/\/www.citycharger.eu\/ro\/wp-json\/wp\/v2\/users\/1"}],"replies":[{"embeddable":true,"href":"https:\/\/www.citycharger.eu\/ro\/wp-json\/wp\/v2\/comments?post=8230"}],"version-history":[{"count":1,"href":"https:\/\/www.citycharger.eu\/ro\/wp-json\/wp\/v2\/pages\/8230\/revisions"}],"predecessor-version":[{"id":8234,"href":"https:\/\/www.citycharger.eu\/ro\/wp-json\/wp\/v2\/pages\/8230\/revisions\/8234"}],"wp:attachment":[{"href":"https:\/\/www.citycharger.eu\/ro\/wp-json\/wp\/v2\/media?parent=8230"}],"curies":[{"name":"wp","href":"https:\/\/api.w.org\/{rel}","templated":true}]}}