{"id":8027,"date":"2024-05-09T20:39:55","date_gmt":"2024-05-09T20:39:55","guid":{"rendered":"https:\/\/www.citycharger.eu\/formular-de-contact-pagina-de-multumiri\/"},"modified":"2024-12-18T07:31:21","modified_gmt":"2024-12-18T07:31:21","slug":"formular-de-contact-pagina-de-multumiri","status":"publish","type":"page","link":"https:\/\/www.citycharger.eu\/ro\/formular-de-contact-pagina-de-multumiri\/","title":{"rendered":"Formular de contact pagina de multumiri"},"content":{"rendered":"\t\t<div data-elementor-type=\"wp-page\" data-elementor-id=\"8027\" class=\"elementor elementor-8027 elementor-446\" data-elementor-post-type=\"page\">\n\t\t\t\t<div class=\"elementor-element elementor-element-d5786f4 e-flex e-con-boxed e-con e-parent\" data-id=\"d5786f4\" data-element_type=\"container\" data-e-type=\"container\">\n\t\t\t\t\t<div class=\"e-con-inner\">\n\t\t\t\t\t<\/div>\n\t\t\t\t<\/div>\n\t\t<div class=\"elementor-element elementor-element-c8b4b39 e-flex e-con-boxed e-con e-parent\" data-id=\"c8b4b39\" data-element_type=\"container\" data-e-type=\"container\">\n\t\t\t\t\t<div class=\"e-con-inner\">\n\t\t\t\t<div class=\"elementor-element elementor-element-ac1e7f5 elementor-widget elementor-widget-heading\" data-id=\"ac1e7f5\" data-element_type=\"widget\" data-e-type=\"widget\" data-widget_type=\"heading.default\">\n\t\t\t\t<div class=\"elementor-widget-container\">\n\t\t\t\t\t<h2 class=\"elementor-heading-title elementor-size-default\">Multumesc<\/h2>\t\t\t\t<\/div>\n\t\t\t\t<\/div>\n\t\t\t\t<div class=\"elementor-element elementor-element-745e32c elementor-widget elementor-widget-text-editor\" data-id=\"745e32c\" data-element_type=\"widget\" data-e-type=\"widget\" data-widget_type=\"text-editor.default\">\n\t\t\t\t<div class=\"elementor-widget-container\">\n\t\t\t\t\t\t\t\t\t<p>V\u0103 mul\u021bumim pentru completarea formularului nostru de contact. V\u0103 vom contacta c\u00e2t mai cur\u00e2nd posibil. <\/p>\n\t\t\t\t\t\t\t\t<\/div>\n\t\t\t\t<\/div>\n\t\t\t\t<div class=\"elementor-element elementor-element-6ee6140 elementor-align-center animated-fast elementor-invisible elementor-widget elementor-widget-button\" data-id=\"6ee6140\" data-element_type=\"widget\" data-e-type=\"widget\" data-settings=\"{&quot;_animation&quot;:&quot;zoomIn&quot;}\" data-widget_type=\"button.default\">\n\t\t\t\t<div class=\"elementor-widget-container\">\n\t\t\t\t\t\t\t\t\t<div class=\"elementor-button-wrapper\">\n\t\t\t\t\t<a class=\"elementor-button elementor-button-link elementor-size-sm\" href=\"\/\">\n\t\t\t\t\t\t<span class=\"elementor-button-content-wrapper\">\n\t\t\t\t\t\t\t\t\t<span class=\"elementor-button-text\">\u00cenapoi la pagina principal\u0103<\/span>\n\t\t\t\t\t<\/span>\n\t\t\t\t\t<\/a>\n\t\t\t\t<\/div>\n\t\t\t\t\t\t\t\t<\/div>\n\t\t\t\t<\/div>\n\t\t\t\t\t<\/div>\n\t\t\t\t<\/div>\n\t\t\t\t<\/div>\n\t\t","protected":false},"excerpt":{"rendered":"<p>Multumesc V\u0103 mul\u021bumim pentru completarea formularului nostru de contact. V\u0103 vom contacta c\u00e2t mai cur\u00e2nd posibil. \u00cenapoi la pagina principal\u0103<\/p>\n","protected":false},"author":1,"featured_media":0,"parent":0,"menu_order":0,"comment_status":"closed","ping_status":"closed","template":"elementor_header_footer","meta":{"footnotes":""},"class_list":["post-8027","page","type-page","status-publish","hentry"],"yoast_head":"<!-- This site is optimized with the Yoast SEO plugin v27.4 - https:\/\/yoast.com\/product\/yoast-seo-wordpress\/ -->\n<title>Formular de contact pagina de multumiri - CityChargeR<\/title>\n<meta name=\"robots\" content=\"index, follow, max-snippet:-1, max-image-preview:large, max-video-preview:-1\" \/>\n<link rel=\"canonical\" href=\"https:\/\/www.citycharger.eu\/ro\/formular-de-contact-pagina-de-multumiri\/\" \/>\n<meta property=\"og:locale\" content=\"ro_RO\" \/>\n<meta property=\"og:type\" content=\"article\" \/>\n<meta property=\"og:title\" content=\"Formular de contact pagina de multumiri - CityChargeR\" \/>\n<meta property=\"og:description\" content=\"Multumesc V\u0103 mul\u021bumim pentru completarea formularului nostru de contact. V\u0103 vom contacta c\u00e2t mai cur\u00e2nd posibil. \u00cenapoi la pagina principal\u0103\" \/>\n<meta property=\"og:url\" content=\"https:\/\/www.citycharger.eu\/ro\/formular-de-contact-pagina-de-multumiri\/\" \/>\n<meta property=\"og:site_name\" content=\"CityChargeR\" \/>\n<meta property=\"article:modified_time\" content=\"2024-12-18T07:31:21+00:00\" \/>\n<meta name=\"twitter:card\" content=\"summary_large_image\" \/>\n<script type=\"application\/ld+json\" class=\"yoast-schema-graph\">{\"@context\":\"https:\\\/\\\/schema.org\",\"@graph\":[{\"@type\":\"WebPage\",\"@id\":\"https:\\\/\\\/www.citycharger.eu\\\/ro\\\/formular-de-contact-pagina-de-multumiri\\\/\",\"url\":\"https:\\\/\\\/www.citycharger.eu\\\/ro\\\/formular-de-contact-pagina-de-multumiri\\\/\",\"name\":\"Formular de contact pagina de multumiri - CityChargeR\",\"isPartOf\":{\"@id\":\"https:\\\/\\\/www.citycharger.eu\\\/ro\\\/#website\"},\"datePublished\":\"2024-05-09T20:39:55+00:00\",\"dateModified\":\"2024-12-18T07:31:21+00:00\",\"breadcrumb\":{\"@id\":\"https:\\\/\\\/www.citycharger.eu\\\/ro\\\/formular-de-contact-pagina-de-multumiri\\\/#breadcrumb\"},\"inLanguage\":\"ro-RO\",\"potentialAction\":[{\"@type\":\"ReadAction\",\"target\":[\"https:\\\/\\\/www.citycharger.eu\\\/ro\\\/formular-de-contact-pagina-de-multumiri\\\/\"]}]},{\"@type\":\"BreadcrumbList\",\"@id\":\"https:\\\/\\\/www.citycharger.eu\\\/ro\\\/formular-de-contact-pagina-de-multumiri\\\/#breadcrumb\",\"itemListElement\":[{\"@type\":\"ListItem\",\"position\":1,\"name\":\"Home\",\"item\":\"https:\\\/\\\/www.citycharger.eu\\\/ro\\\/acasa\\\/\"},{\"@type\":\"ListItem\",\"position\":2,\"name\":\"Formular de contact pagina de multumiri\"}]},{\"@type\":\"WebSite\",\"@id\":\"https:\\\/\\\/www.citycharger.eu\\\/ro\\\/#website\",\"url\":\"https:\\\/\\\/www.citycharger.eu\\\/ro\\\/\",\"name\":\"CityChargeR\",\"description\":\"\",\"potentialAction\":[{\"@type\":\"SearchAction\",\"target\":{\"@type\":\"EntryPoint\",\"urlTemplate\":\"https:\\\/\\\/www.citycharger.eu\\\/ro\\\/?s={search_term_string}\"},\"query-input\":{\"@type\":\"PropertyValueSpecification\",\"valueRequired\":true,\"valueName\":\"search_term_string\"}}],\"inLanguage\":\"ro-RO\"}]}<\/script>\n<!-- \/ Yoast SEO plugin. -->","yoast_head_json":{"title":"Formular de contact pagina de multumiri - CityChargeR","robots":{"index":"index","follow":"follow","max-snippet":"max-snippet:-1","max-image-preview":"max-image-preview:large","max-video-preview":"max-video-preview:-1"},"canonical":"https:\/\/www.citycharger.eu\/ro\/formular-de-contact-pagina-de-multumiri\/","og_locale":"ro_RO","og_type":"article","og_title":"Formular de contact pagina de multumiri - CityChargeR","og_description":"Multumesc V\u0103 mul\u021bumim pentru completarea formularului nostru de contact. V\u0103 vom contacta c\u00e2t mai cur\u00e2nd posibil. \u00cenapoi la pagina principal\u0103","og_url":"https:\/\/www.citycharger.eu\/ro\/formular-de-contact-pagina-de-multumiri\/","og_site_name":"CityChargeR","article_modified_time":"2024-12-18T07:31:21+00:00","twitter_card":"summary_large_image","schema":{"@context":"https:\/\/schema.org","@graph":[{"@type":"WebPage","@id":"https:\/\/www.citycharger.eu\/ro\/formular-de-contact-pagina-de-multumiri\/","url":"https:\/\/www.citycharger.eu\/ro\/formular-de-contact-pagina-de-multumiri\/","name":"Formular de contact pagina de multumiri - CityChargeR","isPartOf":{"@id":"https:\/\/www.citycharger.eu\/ro\/#website"},"datePublished":"2024-05-09T20:39:55+00:00","dateModified":"2024-12-18T07:31:21+00:00","breadcrumb":{"@id":"https:\/\/www.citycharger.eu\/ro\/formular-de-contact-pagina-de-multumiri\/#breadcrumb"},"inLanguage":"ro-RO","potentialAction":[{"@type":"ReadAction","target":["https:\/\/www.citycharger.eu\/ro\/formular-de-contact-pagina-de-multumiri\/"]}]},{"@type":"BreadcrumbList","@id":"https:\/\/www.citycharger.eu\/ro\/formular-de-contact-pagina-de-multumiri\/#breadcrumb","itemListElement":[{"@type":"ListItem","position":1,"name":"Home","item":"https:\/\/www.citycharger.eu\/ro\/acasa\/"},{"@type":"ListItem","position":2,"name":"Formular de contact pagina de multumiri"}]},{"@type":"WebSite","@id":"https:\/\/www.citycharger.eu\/ro\/#website","url":"https:\/\/www.citycharger.eu\/ro\/","name":"CityChargeR","description":"","potentialAction":[{"@type":"SearchAction","target":{"@type":"EntryPoint","urlTemplate":"https:\/\/www.citycharger.eu\/ro\/?s={search_term_string}"},"query-input":{"@type":"PropertyValueSpecification","valueRequired":true,"valueName":"search_term_string"}}],"inLanguage":"ro-RO"}]}},"_links":{"self":[{"href":"https:\/\/www.citycharger.eu\/ro\/wp-json\/wp\/v2\/pages\/8027","targetHints":{"allow":["GET"]}}],"collection":[{"href":"https:\/\/www.citycharger.eu\/ro\/wp-json\/wp\/v2\/pages"}],"about":[{"href":"https:\/\/www.citycharger.eu\/ro\/wp-json\/wp\/v2\/types\/page"}],"author":[{"embeddable":true,"href":"https:\/\/www.citycharger.eu\/ro\/wp-json\/wp\/v2\/users\/1"}],"replies":[{"embeddable":true,"href":"https:\/\/www.citycharger.eu\/ro\/wp-json\/wp\/v2\/comments?post=8027"}],"version-history":[{"count":1,"href":"https:\/\/www.citycharger.eu\/ro\/wp-json\/wp\/v2\/pages\/8027\/revisions"}],"predecessor-version":[{"id":8030,"href":"https:\/\/www.citycharger.eu\/ro\/wp-json\/wp\/v2\/pages\/8027\/revisions\/8030"}],"wp:attachment":[{"href":"https:\/\/www.citycharger.eu\/ro\/wp-json\/wp\/v2\/media?parent=8027"}],"curies":[{"name":"wp","href":"https:\/\/api.w.org\/{rel}","templated":true}]}}