{"id":8241,"date":"2024-05-09T20:39:55","date_gmt":"2024-05-09T20:39:55","guid":{"rendered":"https:\/\/www.citycharger.eu\/yhteydenottolomake-kiitossivu\/"},"modified":"2024-12-18T07:32:01","modified_gmt":"2024-12-18T07:32:01","slug":"yhteydenottolomake-kiitossivu","status":"publish","type":"page","link":"https:\/\/www.citycharger.eu\/fi\/yhteydenottolomake-kiitossivu\/","title":{"rendered":"Yhteydenottolomake kiitossivu"},"content":{"rendered":"\t\t<div data-elementor-type=\"wp-page\" data-elementor-id=\"8241\" class=\"elementor elementor-8241 elementor-446\" data-elementor-post-type=\"page\">\n\t\t\t\t<div class=\"elementor-element elementor-element-d5786f4 e-flex e-con-boxed e-con e-parent\" data-id=\"d5786f4\" data-element_type=\"container\" data-e-type=\"container\">\n\t\t\t\t\t<div class=\"e-con-inner\">\n\t\t\t\t\t<\/div>\n\t\t\t\t<\/div>\n\t\t<div class=\"elementor-element elementor-element-c8b4b39 e-flex e-con-boxed e-con e-parent\" data-id=\"c8b4b39\" data-element_type=\"container\" data-e-type=\"container\">\n\t\t\t\t\t<div class=\"e-con-inner\">\n\t\t\t\t<div class=\"elementor-element elementor-element-ac1e7f5 elementor-widget elementor-widget-heading\" data-id=\"ac1e7f5\" data-element_type=\"widget\" data-e-type=\"widget\" data-widget_type=\"heading.default\">\n\t\t\t\t<div class=\"elementor-widget-container\">\n\t\t\t\t\t<h2 class=\"elementor-heading-title elementor-size-default\">Kiitos<\/h2>\t\t\t\t<\/div>\n\t\t\t\t<\/div>\n\t\t\t\t<div class=\"elementor-element elementor-element-745e32c elementor-widget elementor-widget-text-editor\" data-id=\"745e32c\" data-element_type=\"widget\" data-e-type=\"widget\" data-widget_type=\"text-editor.default\">\n\t\t\t\t<div class=\"elementor-widget-container\">\n\t\t\t\t\t\t\t\t\t<p>Kiitos yhteydenottolomakkeemme t\u00e4ytt\u00e4misest\u00e4. Otamme sinuun yhteytt\u00e4 mahdollisimman pian. <\/p>\n\t\t\t\t\t\t\t\t<\/div>\n\t\t\t\t<\/div>\n\t\t\t\t<div class=\"elementor-element elementor-element-6ee6140 elementor-align-center animated-fast elementor-invisible elementor-widget elementor-widget-button\" data-id=\"6ee6140\" data-element_type=\"widget\" data-e-type=\"widget\" data-settings=\"{&quot;_animation&quot;:&quot;zoomIn&quot;}\" data-widget_type=\"button.default\">\n\t\t\t\t<div class=\"elementor-widget-container\">\n\t\t\t\t\t\t\t\t\t<div class=\"elementor-button-wrapper\">\n\t\t\t\t\t<a class=\"elementor-button elementor-button-link elementor-size-sm\" href=\"\/\">\n\t\t\t\t\t\t<span class=\"elementor-button-content-wrapper\">\n\t\t\t\t\t\t\t\t\t<span class=\"elementor-button-text\">Takaisin etusivulle<\/span>\n\t\t\t\t\t<\/span>\n\t\t\t\t\t<\/a>\n\t\t\t\t<\/div>\n\t\t\t\t\t\t\t\t<\/div>\n\t\t\t\t<\/div>\n\t\t\t\t\t<\/div>\n\t\t\t\t<\/div>\n\t\t\t\t<\/div>\n\t\t","protected":false},"excerpt":{"rendered":"<p>Kiitos Kiitos yhteydenottolomakkeemme t\u00e4ytt\u00e4misest\u00e4. Otamme sinuun yhteytt\u00e4 mahdollisimman pian. Takaisin etusivulle<\/p>\n","protected":false},"author":1,"featured_media":0,"parent":0,"menu_order":0,"comment_status":"closed","ping_status":"closed","template":"elementor_header_footer","meta":{"footnotes":""},"class_list":["post-8241","page","type-page","status-publish","hentry"],"yoast_head":"<!-- This site is optimized with the Yoast SEO plugin v27.4 - https:\/\/yoast.com\/product\/yoast-seo-wordpress\/ -->\n<title>Yhteydenottolomake kiitossivu - CityChargeR<\/title>\n<meta name=\"robots\" content=\"index, follow, max-snippet:-1, max-image-preview:large, max-video-preview:-1\" \/>\n<link rel=\"canonical\" href=\"https:\/\/www.citycharger.eu\/fi\/yhteydenottolomake-kiitossivu\/\" \/>\n<meta property=\"og:locale\" content=\"fi_FI\" \/>\n<meta property=\"og:type\" content=\"article\" \/>\n<meta property=\"og:title\" content=\"Yhteydenottolomake kiitossivu - CityChargeR\" \/>\n<meta property=\"og:description\" content=\"Kiitos Kiitos yhteydenottolomakkeemme t\u00e4ytt\u00e4misest\u00e4. Otamme sinuun yhteytt\u00e4 mahdollisimman pian. Takaisin etusivulle\" \/>\n<meta property=\"og:url\" content=\"https:\/\/www.citycharger.eu\/fi\/yhteydenottolomake-kiitossivu\/\" \/>\n<meta property=\"og:site_name\" content=\"CityChargeR\" \/>\n<meta property=\"article:modified_time\" content=\"2024-12-18T07:32:01+00:00\" \/>\n<meta name=\"twitter:card\" content=\"summary_large_image\" \/>\n<script type=\"application\/ld+json\" class=\"yoast-schema-graph\">{\"@context\":\"https:\\\/\\\/schema.org\",\"@graph\":[{\"@type\":\"WebPage\",\"@id\":\"https:\\\/\\\/www.citycharger.eu\\\/fi\\\/yhteydenottolomake-kiitossivu\\\/\",\"url\":\"https:\\\/\\\/www.citycharger.eu\\\/fi\\\/yhteydenottolomake-kiitossivu\\\/\",\"name\":\"Yhteydenottolomake kiitossivu - CityChargeR\",\"isPartOf\":{\"@id\":\"https:\\\/\\\/www.citycharger.eu\\\/fi\\\/#website\"},\"datePublished\":\"2024-05-09T20:39:55+00:00\",\"dateModified\":\"2024-12-18T07:32:01+00:00\",\"breadcrumb\":{\"@id\":\"https:\\\/\\\/www.citycharger.eu\\\/fi\\\/yhteydenottolomake-kiitossivu\\\/#breadcrumb\"},\"inLanguage\":\"fi\",\"potentialAction\":[{\"@type\":\"ReadAction\",\"target\":[\"https:\\\/\\\/www.citycharger.eu\\\/fi\\\/yhteydenottolomake-kiitossivu\\\/\"]}]},{\"@type\":\"BreadcrumbList\",\"@id\":\"https:\\\/\\\/www.citycharger.eu\\\/fi\\\/yhteydenottolomake-kiitossivu\\\/#breadcrumb\",\"itemListElement\":[{\"@type\":\"ListItem\",\"position\":1,\"name\":\"Home\",\"item\":\"https:\\\/\\\/www.citycharger.eu\\\/fi\\\/kotiin\\\/\"},{\"@type\":\"ListItem\",\"position\":2,\"name\":\"Yhteydenottolomake kiitossivu\"}]},{\"@type\":\"WebSite\",\"@id\":\"https:\\\/\\\/www.citycharger.eu\\\/fi\\\/#website\",\"url\":\"https:\\\/\\\/www.citycharger.eu\\\/fi\\\/\",\"name\":\"CityChargeR\",\"description\":\"\",\"potentialAction\":[{\"@type\":\"SearchAction\",\"target\":{\"@type\":\"EntryPoint\",\"urlTemplate\":\"https:\\\/\\\/www.citycharger.eu\\\/fi\\\/?s={search_term_string}\"},\"query-input\":{\"@type\":\"PropertyValueSpecification\",\"valueRequired\":true,\"valueName\":\"search_term_string\"}}],\"inLanguage\":\"fi\"}]}<\/script>\n<!-- \/ Yoast SEO plugin. -->","yoast_head_json":{"title":"Yhteydenottolomake kiitossivu - CityChargeR","robots":{"index":"index","follow":"follow","max-snippet":"max-snippet:-1","max-image-preview":"max-image-preview:large","max-video-preview":"max-video-preview:-1"},"canonical":"https:\/\/www.citycharger.eu\/fi\/yhteydenottolomake-kiitossivu\/","og_locale":"fi_FI","og_type":"article","og_title":"Yhteydenottolomake kiitossivu - CityChargeR","og_description":"Kiitos Kiitos yhteydenottolomakkeemme t\u00e4ytt\u00e4misest\u00e4. Otamme sinuun yhteytt\u00e4 mahdollisimman pian. Takaisin etusivulle","og_url":"https:\/\/www.citycharger.eu\/fi\/yhteydenottolomake-kiitossivu\/","og_site_name":"CityChargeR","article_modified_time":"2024-12-18T07:32:01+00:00","twitter_card":"summary_large_image","schema":{"@context":"https:\/\/schema.org","@graph":[{"@type":"WebPage","@id":"https:\/\/www.citycharger.eu\/fi\/yhteydenottolomake-kiitossivu\/","url":"https:\/\/www.citycharger.eu\/fi\/yhteydenottolomake-kiitossivu\/","name":"Yhteydenottolomake kiitossivu - CityChargeR","isPartOf":{"@id":"https:\/\/www.citycharger.eu\/fi\/#website"},"datePublished":"2024-05-09T20:39:55+00:00","dateModified":"2024-12-18T07:32:01+00:00","breadcrumb":{"@id":"https:\/\/www.citycharger.eu\/fi\/yhteydenottolomake-kiitossivu\/#breadcrumb"},"inLanguage":"fi","potentialAction":[{"@type":"ReadAction","target":["https:\/\/www.citycharger.eu\/fi\/yhteydenottolomake-kiitossivu\/"]}]},{"@type":"BreadcrumbList","@id":"https:\/\/www.citycharger.eu\/fi\/yhteydenottolomake-kiitossivu\/#breadcrumb","itemListElement":[{"@type":"ListItem","position":1,"name":"Home","item":"https:\/\/www.citycharger.eu\/fi\/kotiin\/"},{"@type":"ListItem","position":2,"name":"Yhteydenottolomake kiitossivu"}]},{"@type":"WebSite","@id":"https:\/\/www.citycharger.eu\/fi\/#website","url":"https:\/\/www.citycharger.eu\/fi\/","name":"CityChargeR","description":"","potentialAction":[{"@type":"SearchAction","target":{"@type":"EntryPoint","urlTemplate":"https:\/\/www.citycharger.eu\/fi\/?s={search_term_string}"},"query-input":{"@type":"PropertyValueSpecification","valueRequired":true,"valueName":"search_term_string"}}],"inLanguage":"fi"}]}},"_links":{"self":[{"href":"https:\/\/www.citycharger.eu\/fi\/wp-json\/wp\/v2\/pages\/8241","targetHints":{"allow":["GET"]}}],"collection":[{"href":"https:\/\/www.citycharger.eu\/fi\/wp-json\/wp\/v2\/pages"}],"about":[{"href":"https:\/\/www.citycharger.eu\/fi\/wp-json\/wp\/v2\/types\/page"}],"author":[{"embeddable":true,"href":"https:\/\/www.citycharger.eu\/fi\/wp-json\/wp\/v2\/users\/1"}],"replies":[{"embeddable":true,"href":"https:\/\/www.citycharger.eu\/fi\/wp-json\/wp\/v2\/comments?post=8241"}],"version-history":[{"count":1,"href":"https:\/\/www.citycharger.eu\/fi\/wp-json\/wp\/v2\/pages\/8241\/revisions"}],"predecessor-version":[{"id":8243,"href":"https:\/\/www.citycharger.eu\/fi\/wp-json\/wp\/v2\/pages\/8241\/revisions\/8243"}],"wp:attachment":[{"href":"https:\/\/www.citycharger.eu\/fi\/wp-json\/wp\/v2\/media?parent=8241"}],"curies":[{"name":"wp","href":"https:\/\/api.w.org\/{rel}","templated":true}]}}