{"id":8209,"date":"2024-07-12T14:54:49","date_gmt":"2024-07-12T14:54:49","guid":{"rendered":"https:\/\/www.citycharger.eu\/vastuuvapauslauseke\/"},"modified":"2024-12-18T07:31:54","modified_gmt":"2024-12-18T07:31:54","slug":"vastuuvapauslauseke","status":"publish","type":"page","link":"https:\/\/www.citycharger.eu\/fi\/vastuuvapauslauseke\/","title":{"rendered":"Vastuuvapauslauseke"},"content":{"rendered":"\t\t<div data-elementor-type=\"wp-page\" data-elementor-id=\"8209\" class=\"elementor elementor-8209 elementor-6555\" data-elementor-post-type=\"page\">\n\t\t\t\t<div class=\"elementor-element elementor-element-4994176 e-flex e-con-boxed e-con e-parent\" data-id=\"4994176\" data-element_type=\"container\" data-e-type=\"container\" data-settings=\"{&quot;background_background&quot;:&quot;classic&quot;}\">\n\t\t\t\t\t<div class=\"e-con-inner\">\n\t\t\t\t<div class=\"elementor-element elementor-element-40facc1 elementor-widget elementor-widget-heading\" data-id=\"40facc1\" data-element_type=\"widget\" data-e-type=\"widget\" data-widget_type=\"heading.default\">\n\t\t\t\t<div class=\"elementor-widget-container\">\n\t\t\t\t\t<h1 class=\"elementor-heading-title elementor-size-default\">Vastuuvapauslauseke  <\/h1>\t\t\t\t<\/div>\n\t\t\t\t<\/div>\n\t\t\t\t\t<\/div>\n\t\t\t\t<\/div>\n\t\t<div class=\"elementor-element elementor-element-189034f e-flex e-con-boxed e-con e-parent\" data-id=\"189034f\" data-element_type=\"container\" data-e-type=\"container\" data-settings=\"{&quot;background_background&quot;:&quot;classic&quot;}\">\n\t\t\t\t\t<div class=\"e-con-inner\">\n\t\t<div class=\"elementor-element elementor-element-982f161 e-con-full e-flex e-con e-child\" data-id=\"982f161\" data-element_type=\"container\" data-e-type=\"container\">\n\t\t\t\t<\/div>\n\t\t<div class=\"elementor-element elementor-element-0f88491 e-con-full e-flex e-con e-child\" data-id=\"0f88491\" data-element_type=\"container\" data-e-type=\"container\">\n\t\t\t\t<div class=\"elementor-element elementor-element-f8de039 elementor-widget elementor-widget-heading\" data-id=\"f8de039\" data-element_type=\"widget\" data-e-type=\"widget\" data-widget_type=\"heading.default\">\n\t\t\t\t<div class=\"elementor-widget-container\">\n\t\t\t\t\t<h2 class=\"elementor-heading-title elementor-size-default\">Vastuuvapauslauseke \u2013 CitychargeR  <\/h2>\t\t\t\t<\/div>\n\t\t\t\t<\/div>\n\t\t\t\t<div class=\"elementor-element elementor-element-82197dd elementor-widget elementor-widget-text-editor\" data-id=\"82197dd\" data-element_type=\"widget\" data-e-type=\"widget\" data-widget_type=\"text-editor.default\">\n\t\t\t\t<div class=\"elementor-widget-container\">\n\t\t\t\t\t\t\t\t\t<p><span style=\"font-weight: 400;\">T\u00e4m\u00e4 sivusto<\/span> <a href=\"http:\/\/citycharger.kinsta.cloud\/\"><span style=\"font-weight: 400;\">citychargeR.eu<\/span><\/a><span style=\"font-weight: 400;\">  on tarkoitettu antamaan tietoa s\u00e4hk\u00f6ajoneuvojen latausratkaisustamme julkisissa tiloissa. Pyrimme tarjoamaan tarkkoja ja ajantasaisia \u200b\u200btietoja, mutta emme voi taata, ett\u00e4 kaikki sis\u00e4lt\u00f6 on virheet\u00f6nt\u00e4. <\/span><\/p>\n<ol>\n<li style=\"font-weight: 400;\" aria-level=\"1\"><b>Verkkosivuston k\u00e4ytt\u00f6<\/b> <span style=\"font-weight: 400;\">: K\u00e4ytt\u00e4m\u00e4ll\u00e4 t\u00e4t\u00e4 verkkosivustoa hyv\u00e4ksyt t\u00e4ss\u00e4 vastuuvapauslausekkeessa kuvatut ehdot.<\/span>\n<\/p>\n<\/li>\n<li style=\"font-weight: 400;\" aria-level=\"1\"><b>Sis\u00e4lt\u00f6 ja vastuu<\/b><span style=\"font-weight: 400;\">: Teemme parhaamme pit\u00e4\u00e4ksemme t\u00e4m\u00e4n sivuston tiedot ajan tasalla. Emme kuitenkaan ole vastuussa virheist\u00e4, puutteista tai vanhentuneista tiedoista. K\u00e4yt\u00e4 tietoja omalla vastuullasi.  <\/span>\n<\/p>\n<\/li>\n<li style=\"font-weight: 400;\" aria-level=\"1\"><b>Ulkoiset linkit<\/b><span style=\"font-weight: 400;\">: T\u00e4m\u00e4 verkkosivusto saattaa sis\u00e4lt\u00e4\u00e4 linkkej\u00e4 ulkoisille verkkosivustoille. Emme ole vastuussa n\u00e4iden ulkoisten verkkosivustojen sis\u00e4ll\u00f6st\u00e4. Ulkoisten linkkien k\u00e4ytt\u00f6 on omalla vastuullasi.  <\/span>\n<\/p>\n<\/li>\n<li style=\"font-weight: 400;\" aria-level=\"1\"><b>Yksityisyys ja ev\u00e4steet<\/b><span style=\"font-weight: 400;\">: Kunnioitamme yksityisyytt\u00e4si ja toimimme yleisen tietosuoja-asetuksen (GDPR) mukaisesti. Lue meit\u00e4   <\/span><span style=\"font-weight: 400;\">saadaksesi lis\u00e4tietoja siit\u00e4, kuinka k\u00e4sittelemme tietojasi.<\/span>\n<\/p>\n<\/li>\n<li style=\"font-weight: 400;\" aria-level=\"1\"><b>Muutokset<\/b> <span style=\"font-weight: 400;\">: Pid\u00e4t\u00e4mme oikeuden muuttaa t\u00e4m\u00e4n verkkosivuston sis\u00e4lt\u00f6\u00e4 ja t\u00e4t\u00e4 vastuuvapauslauseketta milloin tahansa ilman ennakkoilmoitusta.<\/span><\/li>\n<\/ol>\n<p><span style=\"font-weight: 400;\">Jos sinulla on kysytt\u00e4v\u00e4\u00e4 tai kommentteja, ota meihin yhteytt\u00e4 yhteydenottosivun<\/span> <a href=\"https:\/\/citycharger.kinsta.cloud\/contact\/\"><span style=\"font-weight: 400;\">kautta<\/span><\/a> <span style=\"font-weight: 400;\">.<\/span><\/p>\n\t\t\t\t\t\t\t\t<\/div>\n\t\t\t\t<\/div>\n\t\t\t\t<\/div>\n\t\t\t\t\t<\/div>\n\t\t\t\t<\/div>\n\t\t<div class=\"elementor-element elementor-element-5e7505b e-flex e-con-boxed e-con e-parent\" data-id=\"5e7505b\" data-element_type=\"container\" data-e-type=\"container\" data-settings=\"{&quot;background_background&quot;:&quot;classic&quot;}\">\n\t\t\t\t\t<div class=\"e-con-inner\">\n\t\t<div class=\"elementor-element elementor-element-ee6647c e-con-full e-flex e-con e-child\" data-id=\"ee6647c\" data-element_type=\"container\" data-e-type=\"container\" data-settings=\"{&quot;background_background&quot;:&quot;classic&quot;}\">\n\t\t<div class=\"elementor-element elementor-element-c224e0e e-flex e-con-boxed e-con e-child\" data-id=\"c224e0e\" data-element_type=\"container\" data-e-type=\"container\">\n\t\t\t\t\t<div class=\"e-con-inner\">\n\t\t<div class=\"elementor-element elementor-element-4970bcc e-flex e-con-boxed e-con e-child\" data-id=\"4970bcc\" data-element_type=\"container\" data-e-type=\"container\">\n\t\t\t\t\t<div class=\"e-con-inner\">\n\t\t\t\t<div class=\"elementor-element elementor-element-ed2f5cc elementor-widget elementor-widget-heading\" data-id=\"ed2f5cc\" data-element_type=\"widget\" data-e-type=\"widget\" data-widget_type=\"heading.default\">\n\t\t\t\t<div class=\"elementor-widget-container\">\n\t\t\t\t\t<h3 class=\"elementor-heading-title elementor-size-default\">\"Turvallinen lataus ja pelaaminen \u2013 CityChargeR tarjoaa lapsiyst\u00e4v\u00e4llisen ymp\u00e4rist\u00f6n.\"<\/h3>\t\t\t\t<\/div>\n\t\t\t\t<\/div>\n\t\t\t\t\t<\/div>\n\t\t\t\t<\/div>\n\t\t\t\t\t<\/div>\n\t\t\t\t<\/div>\n\t\t\t\t<\/div>\n\t\t<div class=\"elementor-element elementor-element-76a695a e-con-full e-flex e-con e-child\" data-id=\"76a695a\" data-element_type=\"container\" data-e-type=\"container\">\n\t\t\t\t<div class=\"elementor-element elementor-element-e2a9d8f elementor-widget elementor-widget-text-editor\" data-id=\"e2a9d8f\" data-element_type=\"widget\" data-e-type=\"widget\" data-widget_type=\"text-editor.default\">\n\t\t\t\t<div class=\"elementor-widget-container\">\n\t\t\t\t\t\t\t\t\t<h2>Haluatko my\u00f6s veloittaa huoletta?<\/h2>\n\t\t\t\t\t\t\t\t<\/div>\n\t\t\t\t<\/div>\n\t\t\t\t<div class=\"elementor-element elementor-element-46eedda elementor-widget elementor-widget-text-editor\" data-id=\"46eedda\" data-element_type=\"widget\" data-e-type=\"widget\" data-widget_type=\"text-editor.default\">\n\t\t\t\t<div class=\"elementor-widget-container\">\n\t\t\t\t\t\t\t\t\t<p>Oletko kiinnostunut siit\u00e4, mit\u00e4 CityChargeR voi tehd\u00e4 kuntasi tai hankkeesi hyv\u00e4ksi? Kerromme mielell\u00e4mme mahdollisuuksista.   <\/p>\n\t\t\t\t\t\t\t\t<\/div>\n\t\t\t\t<\/div>\n\t\t\t\t<div class=\"elementor-element elementor-element-3908533 elementor-widget elementor-widget-text-editor\" data-id=\"3908533\" data-element_type=\"widget\" data-e-type=\"widget\" data-widget_type=\"text-editor.default\">\n\t\t\t\t<div class=\"elementor-widget-container\">\n\t\t\t\t\t\t\t\t\t<p><strong>Ota yhteytt\u00e4 neuvonantajaamme.<\/strong><\/p>\n\t\t\t\t\t\t\t\t<\/div>\n\t\t\t\t<\/div>\n\t\t\t\t<div class=\"elementor-element elementor-element-fca53d0 elementor-mobile-align-left elementor-widget elementor-widget-button\" data-id=\"fca53d0\" data-element_type=\"widget\" data-e-type=\"widget\" data-widget_type=\"button.default\">\n\t\t\t\t<div class=\"elementor-widget-container\">\n\t\t\t\t\t\t\t\t\t<div class=\"elementor-button-wrapper\">\n\t\t\t\t\t<a class=\"elementor-button elementor-button-link elementor-size-sm\" href=\"http:\/\/+31850716620\">\n\t\t\t\t\t\t<span class=\"elementor-button-content-wrapper\">\n\t\t\t\t\t\t<span class=\"elementor-button-icon\">\n\t\t\t\t<svg aria-hidden=\"true\" class=\"e-font-icon-svg e-fas-phone-alt\" viewBox=\"0 0 512 512\" xmlns=\"http:\/\/www.w3.org\/2000\/svg\"><path d=\"M497.39 361.8l-112-48a24 24 0 0 0-28 6.9l-49.6 60.6A370.66 370.66 0 0 1 130.6 204.11l60.6-49.6a23.94 23.94 0 0 0 6.9-28l-48-112A24.16 24.16 0 0 0 122.6.61l-104 24A24 24 0 0 0 0 48c0 256.5 207.9 464 464 464a24 24 0 0 0 23.4-18.6l24-104a24.29 24.29 0 0 0-14.01-27.6z\"><\/path><\/svg>\t\t\t<\/span>\n\t\t\t\t\t\t\t\t\t<span class=\"elementor-button-text\">085-0716620<\/span>\n\t\t\t\t\t<\/span>\n\t\t\t\t\t<\/a>\n\t\t\t\t<\/div>\n\t\t\t\t\t\t\t\t<\/div>\n\t\t\t\t<\/div>\n\t\t\t\t<div class=\"elementor-element elementor-element-d43e562 elementor-align-left animated-fast elementor-invisible elementor-widget elementor-widget-button\" data-id=\"d43e562\" data-element_type=\"widget\" data-e-type=\"widget\" data-settings=\"{&quot;_animation&quot;:&quot;zoomIn&quot;}\" data-widget_type=\"button.default\">\n\t\t\t\t<div class=\"elementor-widget-container\">\n\t\t\t\t\t\t\t\t\t<div class=\"elementor-button-wrapper\">\n\t\t\t\t\t<a class=\"elementor-button elementor-button-link elementor-size-sm\" href=\"https:\/\/www.citycharger.eu\/contact\/\">\n\t\t\t\t\t\t<span class=\"elementor-button-content-wrapper\">\n\t\t\t\t\t\t\t\t\t<span class=\"elementor-button-text\">Ota yhteytt\u00e4<\/span>\n\t\t\t\t\t<\/span>\n\t\t\t\t\t<\/a>\n\t\t\t\t<\/div>\n\t\t\t\t\t\t\t\t<\/div>\n\t\t\t\t<\/div>\n\t\t\t\t<\/div>\n\t\t\t\t\t<\/div>\n\t\t\t\t<\/div>\n\t\t\t\t<\/div>\n\t\t","protected":false},"excerpt":{"rendered":"<p>Vastuuvapauslauseke Vastuuvapauslauseke \u2013 CitychargeR T\u00e4m\u00e4 sivusto citychargeR.eu on tarkoitettu antamaan tietoa s\u00e4hk\u00f6ajoneuvojen latausratkaisustamme julkisissa tiloissa. Pyrimme tarjoamaan tarkkoja ja ajantasaisia \u200b\u200btietoja, mutta emme voi taata, ett\u00e4 kaikki sis\u00e4lt\u00f6 on virheet\u00f6nt\u00e4. Verkkosivuston k\u00e4ytt\u00f6 : K\u00e4ytt\u00e4m\u00e4ll\u00e4 t\u00e4t\u00e4 verkkosivustoa hyv\u00e4ksyt t\u00e4ss\u00e4 vastuuvapauslausekkeessa kuvatut ehdot. Sis\u00e4lt\u00f6 ja vastuu: Teemme parhaamme pit\u00e4\u00e4ksemme t\u00e4m\u00e4n sivuston tiedot ajan tasalla. Emme kuitenkaan ole [&hellip;]<\/p>\n","protected":false},"author":1,"featured_media":0,"parent":0,"menu_order":0,"comment_status":"closed","ping_status":"closed","template":"elementor_header_footer","meta":{"footnotes":""},"class_list":["post-8209","page","type-page","status-publish","hentry"],"yoast_head":"<!-- This site is optimized with the Yoast SEO plugin v27.4 - https:\/\/yoast.com\/product\/yoast-seo-wordpress\/ -->\n<title>Vastuuvapauslauseke - CityChargeR<\/title>\n<meta name=\"robots\" content=\"index, follow, max-snippet:-1, max-image-preview:large, max-video-preview:-1\" \/>\n<link rel=\"canonical\" href=\"https:\/\/www.citycharger.eu\/fi\/vastuuvapauslauseke\/\" \/>\n<meta property=\"og:locale\" content=\"fi_FI\" \/>\n<meta property=\"og:type\" content=\"article\" \/>\n<meta property=\"og:title\" content=\"Vastuuvapauslauseke - CityChargeR\" \/>\n<meta property=\"og:description\" content=\"Vastuuvapauslauseke Vastuuvapauslauseke \u2013 CitychargeR T\u00e4m\u00e4 sivusto citychargeR.eu on tarkoitettu antamaan tietoa s\u00e4hk\u00f6ajoneuvojen latausratkaisustamme julkisissa tiloissa. Pyrimme tarjoamaan tarkkoja ja ajantasaisia \u200b\u200btietoja, mutta emme voi taata, ett\u00e4 kaikki sis\u00e4lt\u00f6 on virheet\u00f6nt\u00e4. Verkkosivuston k\u00e4ytt\u00f6 : K\u00e4ytt\u00e4m\u00e4ll\u00e4 t\u00e4t\u00e4 verkkosivustoa hyv\u00e4ksyt t\u00e4ss\u00e4 vastuuvapauslausekkeessa kuvatut ehdot. Sis\u00e4lt\u00f6 ja vastuu: Teemme parhaamme pit\u00e4\u00e4ksemme t\u00e4m\u00e4n sivuston tiedot ajan tasalla. Emme kuitenkaan ole [&hellip;]\" \/>\n<meta property=\"og:url\" content=\"https:\/\/www.citycharger.eu\/fi\/vastuuvapauslauseke\/\" \/>\n<meta property=\"og:site_name\" content=\"CityChargeR\" \/>\n<meta property=\"article:modified_time\" content=\"2024-12-18T07:31:54+00:00\" \/>\n<meta name=\"twitter:card\" content=\"summary_large_image\" \/>\n<meta name=\"twitter:label1\" content=\"Arvioitu lukuaika\" \/>\n\t<meta name=\"twitter:data1\" content=\"1 minuutti\" \/>\n<script type=\"application\/ld+json\" class=\"yoast-schema-graph\">{\"@context\":\"https:\\\/\\\/schema.org\",\"@graph\":[{\"@type\":\"WebPage\",\"@id\":\"https:\\\/\\\/www.citycharger.eu\\\/fi\\\/vastuuvapauslauseke\\\/\",\"url\":\"https:\\\/\\\/www.citycharger.eu\\\/fi\\\/vastuuvapauslauseke\\\/\",\"name\":\"Vastuuvapauslauseke - CityChargeR\",\"isPartOf\":{\"@id\":\"https:\\\/\\\/www.citycharger.eu\\\/fi\\\/#website\"},\"datePublished\":\"2024-07-12T14:54:49+00:00\",\"dateModified\":\"2024-12-18T07:31:54+00:00\",\"breadcrumb\":{\"@id\":\"https:\\\/\\\/www.citycharger.eu\\\/fi\\\/vastuuvapauslauseke\\\/#breadcrumb\"},\"inLanguage\":\"fi\",\"potentialAction\":[{\"@type\":\"ReadAction\",\"target\":[\"https:\\\/\\\/www.citycharger.eu\\\/fi\\\/vastuuvapauslauseke\\\/\"]}]},{\"@type\":\"BreadcrumbList\",\"@id\":\"https:\\\/\\\/www.citycharger.eu\\\/fi\\\/vastuuvapauslauseke\\\/#breadcrumb\",\"itemListElement\":[{\"@type\":\"ListItem\",\"position\":1,\"name\":\"Home\",\"item\":\"https:\\\/\\\/www.citycharger.eu\\\/fi\\\/kotiin\\\/\"},{\"@type\":\"ListItem\",\"position\":2,\"name\":\"Vastuuvapauslauseke\"}]},{\"@type\":\"WebSite\",\"@id\":\"https:\\\/\\\/www.citycharger.eu\\\/fi\\\/#website\",\"url\":\"https:\\\/\\\/www.citycharger.eu\\\/fi\\\/\",\"name\":\"CityChargeR\",\"description\":\"\",\"potentialAction\":[{\"@type\":\"SearchAction\",\"target\":{\"@type\":\"EntryPoint\",\"urlTemplate\":\"https:\\\/\\\/www.citycharger.eu\\\/fi\\\/?s={search_term_string}\"},\"query-input\":{\"@type\":\"PropertyValueSpecification\",\"valueRequired\":true,\"valueName\":\"search_term_string\"}}],\"inLanguage\":\"fi\"}]}<\/script>\n<!-- \/ Yoast SEO plugin. -->","yoast_head_json":{"title":"Vastuuvapauslauseke - CityChargeR","robots":{"index":"index","follow":"follow","max-snippet":"max-snippet:-1","max-image-preview":"max-image-preview:large","max-video-preview":"max-video-preview:-1"},"canonical":"https:\/\/www.citycharger.eu\/fi\/vastuuvapauslauseke\/","og_locale":"fi_FI","og_type":"article","og_title":"Vastuuvapauslauseke - CityChargeR","og_description":"Vastuuvapauslauseke Vastuuvapauslauseke \u2013 CitychargeR T\u00e4m\u00e4 sivusto citychargeR.eu on tarkoitettu antamaan tietoa s\u00e4hk\u00f6ajoneuvojen latausratkaisustamme julkisissa tiloissa. Pyrimme tarjoamaan tarkkoja ja ajantasaisia \u200b\u200btietoja, mutta emme voi taata, ett\u00e4 kaikki sis\u00e4lt\u00f6 on virheet\u00f6nt\u00e4. Verkkosivuston k\u00e4ytt\u00f6 : K\u00e4ytt\u00e4m\u00e4ll\u00e4 t\u00e4t\u00e4 verkkosivustoa hyv\u00e4ksyt t\u00e4ss\u00e4 vastuuvapauslausekkeessa kuvatut ehdot. Sis\u00e4lt\u00f6 ja vastuu: Teemme parhaamme pit\u00e4\u00e4ksemme t\u00e4m\u00e4n sivuston tiedot ajan tasalla. Emme kuitenkaan ole [&hellip;]","og_url":"https:\/\/www.citycharger.eu\/fi\/vastuuvapauslauseke\/","og_site_name":"CityChargeR","article_modified_time":"2024-12-18T07:31:54+00:00","twitter_card":"summary_large_image","twitter_misc":{"Arvioitu lukuaika":"1 minuutti"},"schema":{"@context":"https:\/\/schema.org","@graph":[{"@type":"WebPage","@id":"https:\/\/www.citycharger.eu\/fi\/vastuuvapauslauseke\/","url":"https:\/\/www.citycharger.eu\/fi\/vastuuvapauslauseke\/","name":"Vastuuvapauslauseke - CityChargeR","isPartOf":{"@id":"https:\/\/www.citycharger.eu\/fi\/#website"},"datePublished":"2024-07-12T14:54:49+00:00","dateModified":"2024-12-18T07:31:54+00:00","breadcrumb":{"@id":"https:\/\/www.citycharger.eu\/fi\/vastuuvapauslauseke\/#breadcrumb"},"inLanguage":"fi","potentialAction":[{"@type":"ReadAction","target":["https:\/\/www.citycharger.eu\/fi\/vastuuvapauslauseke\/"]}]},{"@type":"BreadcrumbList","@id":"https:\/\/www.citycharger.eu\/fi\/vastuuvapauslauseke\/#breadcrumb","itemListElement":[{"@type":"ListItem","position":1,"name":"Home","item":"https:\/\/www.citycharger.eu\/fi\/kotiin\/"},{"@type":"ListItem","position":2,"name":"Vastuuvapauslauseke"}]},{"@type":"WebSite","@id":"https:\/\/www.citycharger.eu\/fi\/#website","url":"https:\/\/www.citycharger.eu\/fi\/","name":"CityChargeR","description":"","potentialAction":[{"@type":"SearchAction","target":{"@type":"EntryPoint","urlTemplate":"https:\/\/www.citycharger.eu\/fi\/?s={search_term_string}"},"query-input":{"@type":"PropertyValueSpecification","valueRequired":true,"valueName":"search_term_string"}}],"inLanguage":"fi"}]}},"_links":{"self":[{"href":"https:\/\/www.citycharger.eu\/fi\/wp-json\/wp\/v2\/pages\/8209","targetHints":{"allow":["GET"]}}],"collection":[{"href":"https:\/\/www.citycharger.eu\/fi\/wp-json\/wp\/v2\/pages"}],"about":[{"href":"https:\/\/www.citycharger.eu\/fi\/wp-json\/wp\/v2\/types\/page"}],"author":[{"embeddable":true,"href":"https:\/\/www.citycharger.eu\/fi\/wp-json\/wp\/v2\/users\/1"}],"replies":[{"embeddable":true,"href":"https:\/\/www.citycharger.eu\/fi\/wp-json\/wp\/v2\/comments?post=8209"}],"version-history":[{"count":1,"href":"https:\/\/www.citycharger.eu\/fi\/wp-json\/wp\/v2\/pages\/8209\/revisions"}],"predecessor-version":[{"id":8211,"href":"https:\/\/www.citycharger.eu\/fi\/wp-json\/wp\/v2\/pages\/8209\/revisions\/8211"}],"wp:attachment":[{"href":"https:\/\/www.citycharger.eu\/fi\/wp-json\/wp\/v2\/media?parent=8209"}],"curies":[{"name":"wp","href":"https:\/\/api.w.org\/{rel}","templated":true}]}}