{"id":7813,"date":"2024-07-12T14:54:49","date_gmt":"2024-07-12T14:54:49","guid":{"rendered":"https:\/\/www.citycharger.eu\/descargo-de-responsabilidad\/"},"modified":"2024-12-13T10:56:54","modified_gmt":"2024-12-13T10:56:54","slug":"descargo-de-responsabilidad","status":"publish","type":"page","link":"https:\/\/www.citycharger.eu\/es\/descargo-de-responsabilidad\/","title":{"rendered":"Descargo de responsabilidad"},"content":{"rendered":"\t\t<div data-elementor-type=\"wp-page\" data-elementor-id=\"7813\" class=\"elementor elementor-7813 elementor-6555\" data-elementor-post-type=\"page\">\n\t\t\t\t<div class=\"elementor-element elementor-element-4994176 e-flex e-con-boxed e-con e-parent\" data-id=\"4994176\" data-element_type=\"container\" data-e-type=\"container\" data-settings=\"{&quot;background_background&quot;:&quot;classic&quot;}\">\n\t\t\t\t\t<div class=\"e-con-inner\">\n\t\t\t\t<div class=\"elementor-element elementor-element-40facc1 elementor-widget elementor-widget-heading\" data-id=\"40facc1\" data-element_type=\"widget\" data-e-type=\"widget\" data-widget_type=\"heading.default\">\n\t\t\t\t<div class=\"elementor-widget-container\">\n\t\t\t\t\t<h1 class=\"elementor-heading-title elementor-size-default\">Descargo de responsabilidad  <\/h1>\t\t\t\t<\/div>\n\t\t\t\t<\/div>\n\t\t\t\t\t<\/div>\n\t\t\t\t<\/div>\n\t\t<div class=\"elementor-element elementor-element-189034f e-flex e-con-boxed e-con e-parent\" data-id=\"189034f\" data-element_type=\"container\" data-e-type=\"container\" data-settings=\"{&quot;background_background&quot;:&quot;classic&quot;}\">\n\t\t\t\t\t<div class=\"e-con-inner\">\n\t\t<div class=\"elementor-element elementor-element-982f161 e-con-full e-flex e-con e-child\" data-id=\"982f161\" data-element_type=\"container\" data-e-type=\"container\">\n\t\t\t\t<\/div>\n\t\t<div class=\"elementor-element elementor-element-0f88491 e-con-full e-flex e-con e-child\" data-id=\"0f88491\" data-element_type=\"container\" data-e-type=\"container\">\n\t\t\t\t<div class=\"elementor-element elementor-element-f8de039 elementor-widget elementor-widget-heading\" data-id=\"f8de039\" data-element_type=\"widget\" data-e-type=\"widget\" data-widget_type=\"heading.default\">\n\t\t\t\t<div class=\"elementor-widget-container\">\n\t\t\t\t\t<h2 class=\"elementor-heading-title elementor-size-default\">Descargo de responsabilidad \u2013 CitychargeR  <\/h2>\t\t\t\t<\/div>\n\t\t\t\t<\/div>\n\t\t\t\t<div class=\"elementor-element elementor-element-82197dd elementor-widget elementor-widget-text-editor\" data-id=\"82197dd\" data-element_type=\"widget\" data-e-type=\"widget\" data-widget_type=\"text-editor.default\">\n\t\t\t\t<div class=\"elementor-widget-container\">\n\t\t\t\t\t\t\t\t\t<p><span style=\"font-weight: 400;\">Este sitio web<\/span> <a href=\"http:\/\/citycharger.kinsta.cloud\/\"><span style=\"font-weight: 400;\">citychargeR.eu<\/span><\/a><span style=\"font-weight: 400;\">  tiene como objetivo ofrecer informaci\u00f3n sobre nuestra soluci\u00f3n de carga para veh\u00edculos el\u00e9ctricos en espacios p\u00fablicos. Nos esforzamos por proporcionar informaci\u00f3n precisa y actualizada, pero no podemos garantizar que todo el contenido est\u00e9 libre de errores. <\/span><\/p>\n<ol>\n<li style=\"font-weight: 400;\" aria-level=\"1\"><b>Uso del sitio web<\/b> <span style=\"font-weight: 400;\">: Al utilizar este sitio web, usted acepta los t\u00e9rminos y condiciones descritos en este descargo de responsabilidad.<\/span>\n<\/p>\n<\/li>\n<li style=\"font-weight: 400;\" aria-level=\"1\"><b>Contenidos y responsabilidad<\/b><span style=\"font-weight: 400;\">: Hacemos todo lo posible para mantener actualizada la informaci\u00f3n de este sitio web. Sin embargo, no podemos responsabilizarnos de errores, omisiones o informaci\u00f3n desactualizada. Utilice la informaci\u00f3n bajo su propio riesgo.  <\/span>\n<\/p>\n<\/li>\n<li style=\"font-weight: 400;\" aria-level=\"1\"><b>Enlaces externos<\/b><span style=\"font-weight: 400;\">: Este sitio web puede contener enlaces a sitios web externos. No somos responsables del contenido de estos sitios web externos. El uso de enlaces externos es bajo su propia responsabilidad.  <\/span>\n<\/p>\n<\/li>\n<li style=\"font-weight: 400;\" aria-level=\"1\"><b>Privacidad y cookies<\/b><span style=\"font-weight: 400;\">: Respetamos su privacidad y actuamos de acuerdo con el Reglamento General de Protecci\u00f3n de Datos (GDPR). L\u00e9enos   <\/span><span style=\"font-weight: 400;\">para obtener m\u00e1s informaci\u00f3n sobre c\u00f3mo procesamos sus datos.<\/span>\n<\/p>\n<\/li>\n<li style=\"font-weight: 400;\" aria-level=\"1\"><b>Cambios<\/b> <span style=\"font-weight: 400;\">: Nos reservamos el derecho de cambiar el contenido de este sitio web y este descargo de responsabilidad en cualquier momento sin previo aviso.<\/span><\/li>\n<\/ol>\n<p><span style=\"font-weight: 400;\">Si tiene alguna pregunta o comentario, comun\u00edquese con nosotros a trav\u00e9s de la<\/span> <a href=\"https:\/\/citycharger.kinsta.cloud\/contact\/\"><span style=\"font-weight: 400;\">p\u00e1gina de contacto<\/span><\/a> <span style=\"font-weight: 400;\">.<\/span><\/p>\n\t\t\t\t\t\t\t\t<\/div>\n\t\t\t\t<\/div>\n\t\t\t\t<\/div>\n\t\t\t\t\t<\/div>\n\t\t\t\t<\/div>\n\t\t<div class=\"elementor-element elementor-element-5e7505b e-flex e-con-boxed e-con e-parent\" data-id=\"5e7505b\" data-element_type=\"container\" data-e-type=\"container\" data-settings=\"{&quot;background_background&quot;:&quot;classic&quot;}\">\n\t\t\t\t\t<div class=\"e-con-inner\">\n\t\t<div class=\"elementor-element elementor-element-ee6647c e-con-full e-flex e-con e-child\" data-id=\"ee6647c\" data-element_type=\"container\" data-e-type=\"container\" data-settings=\"{&quot;background_background&quot;:&quot;classic&quot;}\">\n\t\t<div class=\"elementor-element elementor-element-c224e0e e-flex e-con-boxed e-con e-child\" data-id=\"c224e0e\" data-element_type=\"container\" data-e-type=\"container\">\n\t\t\t\t\t<div class=\"e-con-inner\">\n\t\t<div class=\"elementor-element elementor-element-4970bcc e-flex e-con-boxed e-con e-child\" data-id=\"4970bcc\" data-element_type=\"container\" data-e-type=\"container\">\n\t\t\t\t\t<div class=\"e-con-inner\">\n\t\t\t\t<div class=\"elementor-element elementor-element-ed2f5cc elementor-widget elementor-widget-heading\" data-id=\"ed2f5cc\" data-element_type=\"widget\" data-e-type=\"widget\" data-widget_type=\"heading.default\">\n\t\t\t\t<div class=\"elementor-widget-container\">\n\t\t\t\t\t<h3 class=\"elementor-heading-title elementor-size-default\">\"Cargar y jugar de forma segura: CityChargeR proporciona un entorno apto para ni\u00f1os\".<\/h3>\t\t\t\t<\/div>\n\t\t\t\t<\/div>\n\t\t\t\t\t<\/div>\n\t\t\t\t<\/div>\n\t\t\t\t\t<\/div>\n\t\t\t\t<\/div>\n\t\t\t\t<\/div>\n\t\t<div class=\"elementor-element elementor-element-76a695a e-con-full e-flex e-con e-child\" data-id=\"76a695a\" data-element_type=\"container\" data-e-type=\"container\">\n\t\t\t\t<div class=\"elementor-element elementor-element-e2a9d8f elementor-widget elementor-widget-text-editor\" data-id=\"e2a9d8f\" data-element_type=\"widget\" data-e-type=\"widget\" data-widget_type=\"text-editor.default\">\n\t\t\t\t<div class=\"elementor-widget-container\">\n\t\t\t\t\t\t\t\t\t<h2>\u00bfA ti tambi\u00e9n te gustar\u00eda cobrar sin preocupaciones?<\/h2>\n\t\t\t\t\t\t\t\t<\/div>\n\t\t\t\t<\/div>\n\t\t\t\t<div class=\"elementor-element elementor-element-46eedda elementor-widget elementor-widget-text-editor\" data-id=\"46eedda\" data-element_type=\"widget\" data-e-type=\"widget\" data-widget_type=\"text-editor.default\">\n\t\t\t\t<div class=\"elementor-widget-container\">\n\t\t\t\t\t\t\t\t\t<p>\u00bfTiene curiosidad por saber qu\u00e9 puede hacer CityChargeR por su municipio o proyecto? Estaremos encantados de informarle sobre las posibilidades.   <\/p>\n\t\t\t\t\t\t\t\t<\/div>\n\t\t\t\t<\/div>\n\t\t\t\t<div class=\"elementor-element elementor-element-3908533 elementor-widget elementor-widget-text-editor\" data-id=\"3908533\" data-element_type=\"widget\" data-e-type=\"widget\" data-widget_type=\"text-editor.default\">\n\t\t\t\t<div class=\"elementor-widget-container\">\n\t\t\t\t\t\t\t\t\t<p><strong>Contacta con uno de nuestros asesores.<\/strong><\/p>\n\t\t\t\t\t\t\t\t<\/div>\n\t\t\t\t<\/div>\n\t\t\t\t<div class=\"elementor-element elementor-element-fca53d0 elementor-mobile-align-left elementor-widget elementor-widget-button\" data-id=\"fca53d0\" data-element_type=\"widget\" data-e-type=\"widget\" data-widget_type=\"button.default\">\n\t\t\t\t<div class=\"elementor-widget-container\">\n\t\t\t\t\t\t\t\t\t<div class=\"elementor-button-wrapper\">\n\t\t\t\t\t<a class=\"elementor-button elementor-button-link elementor-size-sm\" href=\"http:\/\/+31850716620\">\n\t\t\t\t\t\t<span class=\"elementor-button-content-wrapper\">\n\t\t\t\t\t\t<span class=\"elementor-button-icon\">\n\t\t\t\t<svg aria-hidden=\"true\" class=\"e-font-icon-svg e-fas-phone-alt\" viewBox=\"0 0 512 512\" xmlns=\"http:\/\/www.w3.org\/2000\/svg\"><path d=\"M497.39 361.8l-112-48a24 24 0 0 0-28 6.9l-49.6 60.6A370.66 370.66 0 0 1 130.6 204.11l60.6-49.6a23.94 23.94 0 0 0 6.9-28l-48-112A24.16 24.16 0 0 0 122.6.61l-104 24A24 24 0 0 0 0 48c0 256.5 207.9 464 464 464a24 24 0 0 0 23.4-18.6l24-104a24.29 24.29 0 0 0-14.01-27.6z\"><\/path><\/svg>\t\t\t<\/span>\n\t\t\t\t\t\t\t\t\t<span class=\"elementor-button-text\">085-0716620<\/span>\n\t\t\t\t\t<\/span>\n\t\t\t\t\t<\/a>\n\t\t\t\t<\/div>\n\t\t\t\t\t\t\t\t<\/div>\n\t\t\t\t<\/div>\n\t\t\t\t<div class=\"elementor-element elementor-element-d43e562 elementor-align-left animated-fast elementor-invisible elementor-widget elementor-widget-button\" data-id=\"d43e562\" data-element_type=\"widget\" data-e-type=\"widget\" data-settings=\"{&quot;_animation&quot;:&quot;zoomIn&quot;}\" data-widget_type=\"button.default\">\n\t\t\t\t<div class=\"elementor-widget-container\">\n\t\t\t\t\t\t\t\t\t<div class=\"elementor-button-wrapper\">\n\t\t\t\t\t<a class=\"elementor-button elementor-button-link elementor-size-sm\" href=\"https:\/\/www.citycharger.eu\/contact\/\">\n\t\t\t\t\t\t<span class=\"elementor-button-content-wrapper\">\n\t\t\t\t\t\t\t\t\t<span class=\"elementor-button-text\">Contacto<\/span>\n\t\t\t\t\t<\/span>\n\t\t\t\t\t<\/a>\n\t\t\t\t<\/div>\n\t\t\t\t\t\t\t\t<\/div>\n\t\t\t\t<\/div>\n\t\t\t\t<\/div>\n\t\t\t\t\t<\/div>\n\t\t\t\t<\/div>\n\t\t\t\t<\/div>\n\t\t","protected":false},"excerpt":{"rendered":"<p>Descargo de responsabilidad Descargo de responsabilidad \u2013 CitychargeR Este sitio web citychargeR.eu tiene como objetivo ofrecer informaci\u00f3n sobre nuestra soluci\u00f3n de carga para veh\u00edculos el\u00e9ctricos en espacios p\u00fablicos. Nos esforzamos por proporcionar informaci\u00f3n precisa y actualizada, pero no podemos garantizar que todo el contenido est\u00e9 libre de errores. Uso del sitio web : Al utilizar [&hellip;]<\/p>\n","protected":false},"author":1,"featured_media":0,"parent":0,"menu_order":0,"comment_status":"closed","ping_status":"closed","template":"elementor_header_footer","meta":{"footnotes":""},"class_list":["post-7813","page","type-page","status-publish","hentry"],"yoast_head":"<!-- This site is optimized with the Yoast SEO plugin v27.4 - https:\/\/yoast.com\/product\/yoast-seo-wordpress\/ -->\n<title>Descargo de responsabilidad - CityChargeR<\/title>\n<meta name=\"robots\" content=\"index, follow, max-snippet:-1, max-image-preview:large, max-video-preview:-1\" \/>\n<link rel=\"canonical\" href=\"https:\/\/www.citycharger.eu\/es\/descargo-de-responsabilidad\/\" \/>\n<meta property=\"og:locale\" content=\"es_ES\" \/>\n<meta property=\"og:type\" content=\"article\" \/>\n<meta property=\"og:title\" content=\"Descargo de responsabilidad - CityChargeR\" \/>\n<meta property=\"og:description\" content=\"Descargo de responsabilidad Descargo de responsabilidad \u2013 CitychargeR Este sitio web citychargeR.eu tiene como objetivo ofrecer informaci\u00f3n sobre nuestra soluci\u00f3n de carga para veh\u00edculos el\u00e9ctricos en espacios p\u00fablicos. Nos esforzamos por proporcionar informaci\u00f3n precisa y actualizada, pero no podemos garantizar que todo el contenido est\u00e9 libre de errores. Uso del sitio web : Al utilizar [&hellip;]\" \/>\n<meta property=\"og:url\" content=\"https:\/\/www.citycharger.eu\/es\/descargo-de-responsabilidad\/\" \/>\n<meta property=\"og:site_name\" content=\"CityChargeR\" \/>\n<meta property=\"article:modified_time\" content=\"2024-12-13T10:56:54+00:00\" \/>\n<meta name=\"twitter:card\" content=\"summary_large_image\" \/>\n<meta name=\"twitter:label1\" content=\"Tiempo de lectura\" \/>\n\t<meta name=\"twitter:data1\" content=\"1 minuto\" \/>\n<script type=\"application\/ld+json\" class=\"yoast-schema-graph\">{\"@context\":\"https:\\\/\\\/schema.org\",\"@graph\":[{\"@type\":\"WebPage\",\"@id\":\"https:\\\/\\\/www.citycharger.eu\\\/es\\\/descargo-de-responsabilidad\\\/\",\"url\":\"https:\\\/\\\/www.citycharger.eu\\\/es\\\/descargo-de-responsabilidad\\\/\",\"name\":\"Descargo de responsabilidad - CityChargeR\",\"isPartOf\":{\"@id\":\"https:\\\/\\\/www.citycharger.eu\\\/es\\\/#website\"},\"datePublished\":\"2024-07-12T14:54:49+00:00\",\"dateModified\":\"2024-12-13T10:56:54+00:00\",\"breadcrumb\":{\"@id\":\"https:\\\/\\\/www.citycharger.eu\\\/es\\\/descargo-de-responsabilidad\\\/#breadcrumb\"},\"inLanguage\":\"es\",\"potentialAction\":[{\"@type\":\"ReadAction\",\"target\":[\"https:\\\/\\\/www.citycharger.eu\\\/es\\\/descargo-de-responsabilidad\\\/\"]}]},{\"@type\":\"BreadcrumbList\",\"@id\":\"https:\\\/\\\/www.citycharger.eu\\\/es\\\/descargo-de-responsabilidad\\\/#breadcrumb\",\"itemListElement\":[{\"@type\":\"ListItem\",\"position\":1,\"name\":\"Home\",\"item\":\"https:\\\/\\\/www.citycharger.eu\\\/es\\\/hogar\\\/\"},{\"@type\":\"ListItem\",\"position\":2,\"name\":\"Descargo de responsabilidad\"}]},{\"@type\":\"WebSite\",\"@id\":\"https:\\\/\\\/www.citycharger.eu\\\/es\\\/#website\",\"url\":\"https:\\\/\\\/www.citycharger.eu\\\/es\\\/\",\"name\":\"CityChargeR\",\"description\":\"\",\"potentialAction\":[{\"@type\":\"SearchAction\",\"target\":{\"@type\":\"EntryPoint\",\"urlTemplate\":\"https:\\\/\\\/www.citycharger.eu\\\/es\\\/?s={search_term_string}\"},\"query-input\":{\"@type\":\"PropertyValueSpecification\",\"valueRequired\":true,\"valueName\":\"search_term_string\"}}],\"inLanguage\":\"es\"}]}<\/script>\n<!-- \/ Yoast SEO plugin. -->","yoast_head_json":{"title":"Descargo de responsabilidad - CityChargeR","robots":{"index":"index","follow":"follow","max-snippet":"max-snippet:-1","max-image-preview":"max-image-preview:large","max-video-preview":"max-video-preview:-1"},"canonical":"https:\/\/www.citycharger.eu\/es\/descargo-de-responsabilidad\/","og_locale":"es_ES","og_type":"article","og_title":"Descargo de responsabilidad - CityChargeR","og_description":"Descargo de responsabilidad Descargo de responsabilidad \u2013 CitychargeR Este sitio web citychargeR.eu tiene como objetivo ofrecer informaci\u00f3n sobre nuestra soluci\u00f3n de carga para veh\u00edculos el\u00e9ctricos en espacios p\u00fablicos. Nos esforzamos por proporcionar informaci\u00f3n precisa y actualizada, pero no podemos garantizar que todo el contenido est\u00e9 libre de errores. Uso del sitio web : Al utilizar [&hellip;]","og_url":"https:\/\/www.citycharger.eu\/es\/descargo-de-responsabilidad\/","og_site_name":"CityChargeR","article_modified_time":"2024-12-13T10:56:54+00:00","twitter_card":"summary_large_image","twitter_misc":{"Tiempo de lectura":"1 minuto"},"schema":{"@context":"https:\/\/schema.org","@graph":[{"@type":"WebPage","@id":"https:\/\/www.citycharger.eu\/es\/descargo-de-responsabilidad\/","url":"https:\/\/www.citycharger.eu\/es\/descargo-de-responsabilidad\/","name":"Descargo de responsabilidad - CityChargeR","isPartOf":{"@id":"https:\/\/www.citycharger.eu\/es\/#website"},"datePublished":"2024-07-12T14:54:49+00:00","dateModified":"2024-12-13T10:56:54+00:00","breadcrumb":{"@id":"https:\/\/www.citycharger.eu\/es\/descargo-de-responsabilidad\/#breadcrumb"},"inLanguage":"es","potentialAction":[{"@type":"ReadAction","target":["https:\/\/www.citycharger.eu\/es\/descargo-de-responsabilidad\/"]}]},{"@type":"BreadcrumbList","@id":"https:\/\/www.citycharger.eu\/es\/descargo-de-responsabilidad\/#breadcrumb","itemListElement":[{"@type":"ListItem","position":1,"name":"Home","item":"https:\/\/www.citycharger.eu\/es\/hogar\/"},{"@type":"ListItem","position":2,"name":"Descargo de responsabilidad"}]},{"@type":"WebSite","@id":"https:\/\/www.citycharger.eu\/es\/#website","url":"https:\/\/www.citycharger.eu\/es\/","name":"CityChargeR","description":"","potentialAction":[{"@type":"SearchAction","target":{"@type":"EntryPoint","urlTemplate":"https:\/\/www.citycharger.eu\/es\/?s={search_term_string}"},"query-input":{"@type":"PropertyValueSpecification","valueRequired":true,"valueName":"search_term_string"}}],"inLanguage":"es"}]}},"_links":{"self":[{"href":"https:\/\/www.citycharger.eu\/es\/wp-json\/wp\/v2\/pages\/7813","targetHints":{"allow":["GET"]}}],"collection":[{"href":"https:\/\/www.citycharger.eu\/es\/wp-json\/wp\/v2\/pages"}],"about":[{"href":"https:\/\/www.citycharger.eu\/es\/wp-json\/wp\/v2\/types\/page"}],"author":[{"embeddable":true,"href":"https:\/\/www.citycharger.eu\/es\/wp-json\/wp\/v2\/users\/1"}],"replies":[{"embeddable":true,"href":"https:\/\/www.citycharger.eu\/es\/wp-json\/wp\/v2\/comments?post=7813"}],"version-history":[{"count":1,"href":"https:\/\/www.citycharger.eu\/es\/wp-json\/wp\/v2\/pages\/7813\/revisions"}],"predecessor-version":[{"id":7815,"href":"https:\/\/www.citycharger.eu\/es\/wp-json\/wp\/v2\/pages\/7813\/revisions\/7815"}],"wp:attachment":[{"href":"https:\/\/www.citycharger.eu\/es\/wp-json\/wp\/v2\/media?parent=7813"}],"curies":[{"name":"wp","href":"https:\/\/api.w.org\/{rel}","templated":true}]}}