{"id":7661,"date":"2024-07-12T14:54:49","date_gmt":"2024-07-12T14:54:49","guid":{"rendered":"https:\/\/www.citycharger.eu\/haftungsausschluss\/"},"modified":"2024-12-13T09:33:09","modified_gmt":"2024-12-13T09:33:09","slug":"haftungsausschluss","status":"publish","type":"page","link":"https:\/\/www.citycharger.eu\/de\/haftungsausschluss\/","title":{"rendered":"Haftungsausschluss"},"content":{"rendered":"\t\t<div data-elementor-type=\"wp-page\" data-elementor-id=\"7661\" class=\"elementor elementor-7661 elementor-6555\" data-elementor-post-type=\"page\">\n\t\t\t\t<div class=\"elementor-element elementor-element-4994176 e-flex e-con-boxed e-con e-parent\" data-id=\"4994176\" data-element_type=\"container\" data-e-type=\"container\" data-settings=\"{&quot;background_background&quot;:&quot;classic&quot;}\">\n\t\t\t\t\t<div class=\"e-con-inner\">\n\t\t\t\t<div class=\"elementor-element elementor-element-40facc1 elementor-widget elementor-widget-heading\" data-id=\"40facc1\" data-element_type=\"widget\" data-e-type=\"widget\" data-widget_type=\"heading.default\">\n\t\t\t\t<div class=\"elementor-widget-container\">\n\t\t\t\t\t<h1 class=\"elementor-heading-title elementor-size-default\">Haftungsausschluss  <\/h1>\t\t\t\t<\/div>\n\t\t\t\t<\/div>\n\t\t\t\t\t<\/div>\n\t\t\t\t<\/div>\n\t\t<div class=\"elementor-element elementor-element-189034f e-flex e-con-boxed e-con e-parent\" data-id=\"189034f\" data-element_type=\"container\" data-e-type=\"container\" data-settings=\"{&quot;background_background&quot;:&quot;classic&quot;}\">\n\t\t\t\t\t<div class=\"e-con-inner\">\n\t\t<div class=\"elementor-element elementor-element-982f161 e-con-full e-flex e-con e-child\" data-id=\"982f161\" data-element_type=\"container\" data-e-type=\"container\">\n\t\t\t\t<\/div>\n\t\t<div class=\"elementor-element elementor-element-0f88491 e-con-full e-flex e-con e-child\" data-id=\"0f88491\" data-element_type=\"container\" data-e-type=\"container\">\n\t\t\t\t<div class=\"elementor-element elementor-element-f8de039 elementor-widget elementor-widget-heading\" data-id=\"f8de039\" data-element_type=\"widget\" data-e-type=\"widget\" data-widget_type=\"heading.default\">\n\t\t\t\t<div class=\"elementor-widget-container\">\n\t\t\t\t\t<h2 class=\"elementor-heading-title elementor-size-default\">Haftungsausschluss \u2013 CitychargeR  <\/h2>\t\t\t\t<\/div>\n\t\t\t\t<\/div>\n\t\t\t\t<div class=\"elementor-element elementor-element-82197dd elementor-widget elementor-widget-text-editor\" data-id=\"82197dd\" data-element_type=\"widget\" data-e-type=\"widget\" data-widget_type=\"text-editor.default\">\n\t\t\t\t<div class=\"elementor-widget-container\">\n\t\t\t\t\t\t\t\t\t<p><span style=\"font-weight: 400;\">Diese Website<\/span> <a href=\"http:\/\/citycharger.kinsta.cloud\/\"><span style=\"font-weight: 400;\">citychargeR.eu<\/span><\/a><span style=\"font-weight: 400;\">  soll \u00fcber unsere Ladel\u00f6sung f\u00fcr Elektrofahrzeuge im \u00f6ffentlichen Raum informieren. Wir sind bestrebt, genaue und aktuelle Informationen bereitzustellen, k\u00f6nnen jedoch nicht garantieren, dass alle Inhalte fehlerfrei sind. <\/span><\/p>\n<ol>\n<li style=\"font-weight: 400;\" aria-level=\"1\"><b>Nutzung der Website<\/b> <span style=\"font-weight: 400;\">: Durch die Nutzung dieser Website stimmen Sie den in diesem Haftungsausschluss beschriebenen Bedingungen zu.<\/span>\n<\/p>\n<\/li>\n<li style=\"font-weight: 400;\" aria-level=\"1\"><b>Inhalt und Haftung<\/b><span style=\"font-weight: 400;\">: Wir tun unser Bestes, die Informationen auf dieser Website aktuell zu halten. Dennoch k\u00f6nnen wir nicht f\u00fcr etwaige Fehler, Auslassungen oder veraltete Informationen haftbar gemacht werden. Die Nutzung der Informationen erfolgt auf eigene Gefahr.  <\/span>\n<\/p>\n<\/li>\n<li style=\"font-weight: 400;\" aria-level=\"1\"><b>Externe Links<\/b><span style=\"font-weight: 400;\">: Diese Website kann Links zu externen Websites enthalten. F\u00fcr den Inhalt dieser externen Websites \u00fcbernehmen wir keine Verantwortung. Die Nutzung externer Links erfolgt auf eigenes Risiko.  <\/span>\n<\/p>\n<\/li>\n<li style=\"font-weight: 400;\" aria-level=\"1\"><b>Datenschutz und Cookies<\/b><span style=\"font-weight: 400;\">: Wir respektieren Ihre Privatsph\u00e4re und handeln im Einklang mit der Datenschutz-Grundverordnung (DSGVO). Lesen Sie uns   <\/span><span style=\"font-weight: 400;\">Weitere Informationen dar\u00fcber, wie wir Ihre Daten verarbeiten.<\/span>\n<\/p>\n<\/li>\n<li style=\"font-weight: 400;\" aria-level=\"1\"><b>\u00c4nderungen<\/b> <span style=\"font-weight: 400;\">: Wir behalten uns das Recht vor, den Inhalt dieser Website und diesen Haftungsausschluss jederzeit und ohne vorherige Ank\u00fcndigung zu \u00e4ndern.<\/span><\/li>\n<\/ol>\n<p><span style=\"font-weight: 400;\">Wenn Sie Fragen oder Anmerkungen haben, kontaktieren Sie uns bitte \u00fcber die<\/span> <a href=\"https:\/\/citycharger.kinsta.cloud\/contact\/\"><span style=\"font-weight: 400;\">Kontaktseite<\/span><\/a> <span style=\"font-weight: 400;\">.<\/span><\/p>\n\t\t\t\t\t\t\t\t<\/div>\n\t\t\t\t<\/div>\n\t\t\t\t<\/div>\n\t\t\t\t\t<\/div>\n\t\t\t\t<\/div>\n\t\t<div class=\"elementor-element elementor-element-5e7505b e-flex e-con-boxed e-con e-parent\" data-id=\"5e7505b\" data-element_type=\"container\" data-e-type=\"container\" data-settings=\"{&quot;background_background&quot;:&quot;classic&quot;}\">\n\t\t\t\t\t<div class=\"e-con-inner\">\n\t\t<div class=\"elementor-element elementor-element-ee6647c e-con-full e-flex e-con e-child\" data-id=\"ee6647c\" data-element_type=\"container\" data-e-type=\"container\" data-settings=\"{&quot;background_background&quot;:&quot;classic&quot;}\">\n\t\t<div class=\"elementor-element elementor-element-c224e0e e-flex e-con-boxed e-con e-child\" data-id=\"c224e0e\" data-element_type=\"container\" data-e-type=\"container\">\n\t\t\t\t\t<div class=\"e-con-inner\">\n\t\t<div class=\"elementor-element elementor-element-4970bcc e-flex e-con-boxed e-con e-child\" data-id=\"4970bcc\" data-element_type=\"container\" data-e-type=\"container\">\n\t\t\t\t\t<div class=\"e-con-inner\">\n\t\t\t\t<div class=\"elementor-element elementor-element-ed2f5cc elementor-widget elementor-widget-heading\" data-id=\"ed2f5cc\" data-element_type=\"widget\" data-e-type=\"widget\" data-widget_type=\"heading.default\">\n\t\t\t\t<div class=\"elementor-widget-container\">\n\t\t\t\t\t<h3 class=\"elementor-heading-title elementor-size-default\">\u201eSicheres Laden und Spielen \u2013 CityChargeR sorgt f\u00fcr eine kinderfreundliche Umgebung.\u201c<\/h3>\t\t\t\t<\/div>\n\t\t\t\t<\/div>\n\t\t\t\t\t<\/div>\n\t\t\t\t<\/div>\n\t\t\t\t\t<\/div>\n\t\t\t\t<\/div>\n\t\t\t\t<\/div>\n\t\t<div class=\"elementor-element elementor-element-76a695a e-con-full e-flex e-con e-child\" data-id=\"76a695a\" data-element_type=\"container\" data-e-type=\"container\">\n\t\t\t\t<div class=\"elementor-element elementor-element-e2a9d8f elementor-widget elementor-widget-text-editor\" data-id=\"e2a9d8f\" data-element_type=\"widget\" data-e-type=\"widget\" data-widget_type=\"text-editor.default\">\n\t\t\t\t<div class=\"elementor-widget-container\">\n\t\t\t\t\t\t\t\t\t<h2>M\u00f6chten Sie auch sorgenfrei laden?<\/h2>\n\t\t\t\t\t\t\t\t<\/div>\n\t\t\t\t<\/div>\n\t\t\t\t<div class=\"elementor-element elementor-element-46eedda elementor-widget elementor-widget-text-editor\" data-id=\"46eedda\" data-element_type=\"widget\" data-e-type=\"widget\" data-widget_type=\"text-editor.default\">\n\t\t\t\t<div class=\"elementor-widget-container\">\n\t\t\t\t\t\t\t\t\t<p>Sind Sie neugierig, was CityChargeR f\u00fcr Ihre Gemeinde oder Ihr Projekt tun kann? Gerne informieren wir Sie \u00fcber die M\u00f6glichkeiten.   <\/p>\n\t\t\t\t\t\t\t\t<\/div>\n\t\t\t\t<\/div>\n\t\t\t\t<div class=\"elementor-element elementor-element-3908533 elementor-widget elementor-widget-text-editor\" data-id=\"3908533\" data-element_type=\"widget\" data-e-type=\"widget\" data-widget_type=\"text-editor.default\">\n\t\t\t\t<div class=\"elementor-widget-container\">\n\t\t\t\t\t\t\t\t\t<p><strong>Kontaktieren Sie einen unserer Berater.<\/strong><\/p>\n\t\t\t\t\t\t\t\t<\/div>\n\t\t\t\t<\/div>\n\t\t\t\t<div class=\"elementor-element elementor-element-fca53d0 elementor-mobile-align-left elementor-widget elementor-widget-button\" data-id=\"fca53d0\" data-element_type=\"widget\" data-e-type=\"widget\" data-widget_type=\"button.default\">\n\t\t\t\t<div class=\"elementor-widget-container\">\n\t\t\t\t\t\t\t\t\t<div class=\"elementor-button-wrapper\">\n\t\t\t\t\t<a class=\"elementor-button elementor-button-link elementor-size-sm\" href=\"http:\/\/+31850716620\">\n\t\t\t\t\t\t<span class=\"elementor-button-content-wrapper\">\n\t\t\t\t\t\t<span class=\"elementor-button-icon\">\n\t\t\t\t<svg aria-hidden=\"true\" class=\"e-font-icon-svg e-fas-phone-alt\" viewBox=\"0 0 512 512\" xmlns=\"http:\/\/www.w3.org\/2000\/svg\"><path d=\"M497.39 361.8l-112-48a24 24 0 0 0-28 6.9l-49.6 60.6A370.66 370.66 0 0 1 130.6 204.11l60.6-49.6a23.94 23.94 0 0 0 6.9-28l-48-112A24.16 24.16 0 0 0 122.6.61l-104 24A24 24 0 0 0 0 48c0 256.5 207.9 464 464 464a24 24 0 0 0 23.4-18.6l24-104a24.29 24.29 0 0 0-14.01-27.6z\"><\/path><\/svg>\t\t\t<\/span>\n\t\t\t\t\t\t\t\t\t<span class=\"elementor-button-text\">085-0716620<\/span>\n\t\t\t\t\t<\/span>\n\t\t\t\t\t<\/a>\n\t\t\t\t<\/div>\n\t\t\t\t\t\t\t\t<\/div>\n\t\t\t\t<\/div>\n\t\t\t\t<div class=\"elementor-element elementor-element-d43e562 elementor-align-left animated-fast elementor-invisible elementor-widget elementor-widget-button\" data-id=\"d43e562\" data-element_type=\"widget\" data-e-type=\"widget\" data-settings=\"{&quot;_animation&quot;:&quot;zoomIn&quot;}\" data-widget_type=\"button.default\">\n\t\t\t\t<div class=\"elementor-widget-container\">\n\t\t\t\t\t\t\t\t\t<div class=\"elementor-button-wrapper\">\n\t\t\t\t\t<a class=\"elementor-button elementor-button-link elementor-size-sm\" href=\"https:\/\/www.citycharger.eu\/contact\/\">\n\t\t\t\t\t\t<span class=\"elementor-button-content-wrapper\">\n\t\t\t\t\t\t\t\t\t<span class=\"elementor-button-text\">Kontakt<\/span>\n\t\t\t\t\t<\/span>\n\t\t\t\t\t<\/a>\n\t\t\t\t<\/div>\n\t\t\t\t\t\t\t\t<\/div>\n\t\t\t\t<\/div>\n\t\t\t\t<\/div>\n\t\t\t\t\t<\/div>\n\t\t\t\t<\/div>\n\t\t\t\t<\/div>\n\t\t","protected":false},"excerpt":{"rendered":"<p>Haftungsausschluss Haftungsausschluss \u2013 CitychargeR Diese Website citychargeR.eu soll \u00fcber unsere Ladel\u00f6sung f\u00fcr Elektrofahrzeuge im \u00f6ffentlichen Raum informieren. Wir sind bestrebt, genaue und aktuelle Informationen bereitzustellen, k\u00f6nnen jedoch nicht garantieren, dass alle Inhalte fehlerfrei sind. Nutzung der Website : Durch die Nutzung dieser Website stimmen Sie den in diesem Haftungsausschluss beschriebenen Bedingungen zu. Inhalt und Haftung: [&hellip;]<\/p>\n","protected":false},"author":1,"featured_media":0,"parent":0,"menu_order":0,"comment_status":"closed","ping_status":"closed","template":"elementor_header_footer","meta":{"footnotes":""},"class_list":["post-7661","page","type-page","status-publish","hentry"],"yoast_head":"<!-- This site is optimized with the Yoast SEO plugin v27.4 - https:\/\/yoast.com\/product\/yoast-seo-wordpress\/ -->\n<title>Haftungsausschluss - CityChargeR<\/title>\n<meta name=\"robots\" content=\"index, follow, max-snippet:-1, max-image-preview:large, max-video-preview:-1\" \/>\n<link rel=\"canonical\" href=\"https:\/\/www.citycharger.eu\/de\/haftungsausschluss\/\" \/>\n<meta property=\"og:locale\" content=\"de_DE\" \/>\n<meta property=\"og:type\" content=\"article\" \/>\n<meta property=\"og:title\" content=\"Haftungsausschluss - CityChargeR\" \/>\n<meta property=\"og:description\" content=\"Haftungsausschluss Haftungsausschluss \u2013 CitychargeR Diese Website citychargeR.eu soll \u00fcber unsere Ladel\u00f6sung f\u00fcr Elektrofahrzeuge im \u00f6ffentlichen Raum informieren. Wir sind bestrebt, genaue und aktuelle Informationen bereitzustellen, k\u00f6nnen jedoch nicht garantieren, dass alle Inhalte fehlerfrei sind. Nutzung der Website : Durch die Nutzung dieser Website stimmen Sie den in diesem Haftungsausschluss beschriebenen Bedingungen zu. Inhalt und Haftung: [&hellip;]\" \/>\n<meta property=\"og:url\" content=\"https:\/\/www.citycharger.eu\/de\/haftungsausschluss\/\" \/>\n<meta property=\"og:site_name\" content=\"CityChargeR\" \/>\n<meta property=\"article:modified_time\" content=\"2024-12-13T09:33:09+00:00\" \/>\n<meta name=\"twitter:card\" content=\"summary_large_image\" \/>\n<meta name=\"twitter:label1\" content=\"Gesch\u00e4tzte Lesezeit\" \/>\n\t<meta name=\"twitter:data1\" content=\"1\u00a0Minute\" \/>\n<script type=\"application\/ld+json\" class=\"yoast-schema-graph\">{\"@context\":\"https:\\\/\\\/schema.org\",\"@graph\":[{\"@type\":\"WebPage\",\"@id\":\"https:\\\/\\\/www.citycharger.eu\\\/de\\\/haftungsausschluss\\\/\",\"url\":\"https:\\\/\\\/www.citycharger.eu\\\/de\\\/haftungsausschluss\\\/\",\"name\":\"Haftungsausschluss - CityChargeR\",\"isPartOf\":{\"@id\":\"https:\\\/\\\/www.citycharger.eu\\\/de\\\/#website\"},\"datePublished\":\"2024-07-12T14:54:49+00:00\",\"dateModified\":\"2024-12-13T09:33:09+00:00\",\"breadcrumb\":{\"@id\":\"https:\\\/\\\/www.citycharger.eu\\\/de\\\/haftungsausschluss\\\/#breadcrumb\"},\"inLanguage\":\"de\",\"potentialAction\":[{\"@type\":\"ReadAction\",\"target\":[\"https:\\\/\\\/www.citycharger.eu\\\/de\\\/haftungsausschluss\\\/\"]}]},{\"@type\":\"BreadcrumbList\",\"@id\":\"https:\\\/\\\/www.citycharger.eu\\\/de\\\/haftungsausschluss\\\/#breadcrumb\",\"itemListElement\":[{\"@type\":\"ListItem\",\"position\":1,\"name\":\"Home\",\"item\":\"https:\\\/\\\/www.citycharger.eu\\\/de\\\/heim\\\/\"},{\"@type\":\"ListItem\",\"position\":2,\"name\":\"Haftungsausschluss\"}]},{\"@type\":\"WebSite\",\"@id\":\"https:\\\/\\\/www.citycharger.eu\\\/de\\\/#website\",\"url\":\"https:\\\/\\\/www.citycharger.eu\\\/de\\\/\",\"name\":\"CityChargeR\",\"description\":\"\",\"potentialAction\":[{\"@type\":\"SearchAction\",\"target\":{\"@type\":\"EntryPoint\",\"urlTemplate\":\"https:\\\/\\\/www.citycharger.eu\\\/de\\\/?s={search_term_string}\"},\"query-input\":{\"@type\":\"PropertyValueSpecification\",\"valueRequired\":true,\"valueName\":\"search_term_string\"}}],\"inLanguage\":\"de\"}]}<\/script>\n<!-- \/ Yoast SEO plugin. -->","yoast_head_json":{"title":"Haftungsausschluss - CityChargeR","robots":{"index":"index","follow":"follow","max-snippet":"max-snippet:-1","max-image-preview":"max-image-preview:large","max-video-preview":"max-video-preview:-1"},"canonical":"https:\/\/www.citycharger.eu\/de\/haftungsausschluss\/","og_locale":"de_DE","og_type":"article","og_title":"Haftungsausschluss - CityChargeR","og_description":"Haftungsausschluss Haftungsausschluss \u2013 CitychargeR Diese Website citychargeR.eu soll \u00fcber unsere Ladel\u00f6sung f\u00fcr Elektrofahrzeuge im \u00f6ffentlichen Raum informieren. Wir sind bestrebt, genaue und aktuelle Informationen bereitzustellen, k\u00f6nnen jedoch nicht garantieren, dass alle Inhalte fehlerfrei sind. Nutzung der Website : Durch die Nutzung dieser Website stimmen Sie den in diesem Haftungsausschluss beschriebenen Bedingungen zu. Inhalt und Haftung: [&hellip;]","og_url":"https:\/\/www.citycharger.eu\/de\/haftungsausschluss\/","og_site_name":"CityChargeR","article_modified_time":"2024-12-13T09:33:09+00:00","twitter_card":"summary_large_image","twitter_misc":{"Gesch\u00e4tzte Lesezeit":"1\u00a0Minute"},"schema":{"@context":"https:\/\/schema.org","@graph":[{"@type":"WebPage","@id":"https:\/\/www.citycharger.eu\/de\/haftungsausschluss\/","url":"https:\/\/www.citycharger.eu\/de\/haftungsausschluss\/","name":"Haftungsausschluss - CityChargeR","isPartOf":{"@id":"https:\/\/www.citycharger.eu\/de\/#website"},"datePublished":"2024-07-12T14:54:49+00:00","dateModified":"2024-12-13T09:33:09+00:00","breadcrumb":{"@id":"https:\/\/www.citycharger.eu\/de\/haftungsausschluss\/#breadcrumb"},"inLanguage":"de","potentialAction":[{"@type":"ReadAction","target":["https:\/\/www.citycharger.eu\/de\/haftungsausschluss\/"]}]},{"@type":"BreadcrumbList","@id":"https:\/\/www.citycharger.eu\/de\/haftungsausschluss\/#breadcrumb","itemListElement":[{"@type":"ListItem","position":1,"name":"Home","item":"https:\/\/www.citycharger.eu\/de\/heim\/"},{"@type":"ListItem","position":2,"name":"Haftungsausschluss"}]},{"@type":"WebSite","@id":"https:\/\/www.citycharger.eu\/de\/#website","url":"https:\/\/www.citycharger.eu\/de\/","name":"CityChargeR","description":"","potentialAction":[{"@type":"SearchAction","target":{"@type":"EntryPoint","urlTemplate":"https:\/\/www.citycharger.eu\/de\/?s={search_term_string}"},"query-input":{"@type":"PropertyValueSpecification","valueRequired":true,"valueName":"search_term_string"}}],"inLanguage":"de"}]}},"_links":{"self":[{"href":"https:\/\/www.citycharger.eu\/de\/wp-json\/wp\/v2\/pages\/7661","targetHints":{"allow":["GET"]}}],"collection":[{"href":"https:\/\/www.citycharger.eu\/de\/wp-json\/wp\/v2\/pages"}],"about":[{"href":"https:\/\/www.citycharger.eu\/de\/wp-json\/wp\/v2\/types\/page"}],"author":[{"embeddable":true,"href":"https:\/\/www.citycharger.eu\/de\/wp-json\/wp\/v2\/users\/1"}],"replies":[{"embeddable":true,"href":"https:\/\/www.citycharger.eu\/de\/wp-json\/wp\/v2\/comments?post=7661"}],"version-history":[{"count":1,"href":"https:\/\/www.citycharger.eu\/de\/wp-json\/wp\/v2\/pages\/7661\/revisions"}],"predecessor-version":[{"id":7662,"href":"https:\/\/www.citycharger.eu\/de\/wp-json\/wp\/v2\/pages\/7661\/revisions\/7662"}],"wp:attachment":[{"href":"https:\/\/www.citycharger.eu\/de\/wp-json\/wp\/v2\/media?parent=7661"}],"curies":[{"name":"wp","href":"https:\/\/api.w.org\/{rel}","templated":true}]}}