{"id":8185,"date":"2024-07-12T14:54:49","date_gmt":"2024-07-12T14:54:49","guid":{"rendered":"https:\/\/www.citycharger.eu\/ansvarsfraskrivelse\/"},"modified":"2024-12-18T07:31:56","modified_gmt":"2024-12-18T07:31:56","slug":"ansvarsfraskrivelse","status":"publish","type":"page","link":"https:\/\/www.citycharger.eu\/da\/ansvarsfraskrivelse\/","title":{"rendered":"Ansvarsfraskrivelse"},"content":{"rendered":"\t\t<div data-elementor-type=\"wp-page\" data-elementor-id=\"8185\" class=\"elementor elementor-8185 elementor-6555\" data-elementor-post-type=\"page\">\n\t\t\t\t<div class=\"elementor-element elementor-element-4994176 e-flex e-con-boxed e-con e-parent\" data-id=\"4994176\" data-element_type=\"container\" data-e-type=\"container\" data-settings=\"{&quot;background_background&quot;:&quot;classic&quot;}\">\n\t\t\t\t\t<div class=\"e-con-inner\">\n\t\t\t\t<div class=\"elementor-element elementor-element-40facc1 elementor-widget elementor-widget-heading\" data-id=\"40facc1\" data-element_type=\"widget\" data-e-type=\"widget\" data-widget_type=\"heading.default\">\n\t\t\t\t<div class=\"elementor-widget-container\">\n\t\t\t\t\t<h1 class=\"elementor-heading-title elementor-size-default\">Ansvarsfraskrivelse  <\/h1>\t\t\t\t<\/div>\n\t\t\t\t<\/div>\n\t\t\t\t\t<\/div>\n\t\t\t\t<\/div>\n\t\t<div class=\"elementor-element elementor-element-189034f e-flex e-con-boxed e-con e-parent\" data-id=\"189034f\" data-element_type=\"container\" data-e-type=\"container\" data-settings=\"{&quot;background_background&quot;:&quot;classic&quot;}\">\n\t\t\t\t\t<div class=\"e-con-inner\">\n\t\t<div class=\"elementor-element elementor-element-982f161 e-con-full e-flex e-con e-child\" data-id=\"982f161\" data-element_type=\"container\" data-e-type=\"container\">\n\t\t\t\t<\/div>\n\t\t<div class=\"elementor-element elementor-element-0f88491 e-con-full e-flex e-con e-child\" data-id=\"0f88491\" data-element_type=\"container\" data-e-type=\"container\">\n\t\t\t\t<div class=\"elementor-element elementor-element-f8de039 elementor-widget elementor-widget-heading\" data-id=\"f8de039\" data-element_type=\"widget\" data-e-type=\"widget\" data-widget_type=\"heading.default\">\n\t\t\t\t<div class=\"elementor-widget-container\">\n\t\t\t\t\t<h2 class=\"elementor-heading-title elementor-size-default\">Ansvarsfraskrivelse \u2013 CitychargeR  <\/h2>\t\t\t\t<\/div>\n\t\t\t\t<\/div>\n\t\t\t\t<div class=\"elementor-element elementor-element-82197dd elementor-widget elementor-widget-text-editor\" data-id=\"82197dd\" data-element_type=\"widget\" data-e-type=\"widget\" data-widget_type=\"text-editor.default\">\n\t\t\t\t<div class=\"elementor-widget-container\">\n\t\t\t\t\t\t\t\t\t<p><span style=\"font-weight: 400;\">Denne hjemmeside<\/span> <a href=\"http:\/\/citycharger.kinsta.cloud\/\"><span style=\"font-weight: 400;\">citychargeR.eu<\/span><\/a><span style=\"font-weight: 400;\">  er beregnet til at give information om vores opladningsl\u00f8sning til elbiler i det offentlige rum. Vi bestr\u00e6ber os p\u00e5 at give n\u00f8jagtige og opdaterede oplysninger, men vi kan ikke garantere, at alt indhold er fejlfrit. <\/span><\/p>\n<ol>\n<li style=\"font-weight: 400;\" aria-level=\"1\"><b>Brug af hjemmesiden<\/b> <span style=\"font-weight: 400;\">: Ved at bruge denne hjemmeside accepterer du vilk\u00e5rene og betingelserne beskrevet i denne ansvarsfraskrivelse.<\/span>\n<\/p>\n<\/li>\n<li style=\"font-weight: 400;\" aria-level=\"1\"><b>Indhold og ansvar<\/b><span style=\"font-weight: 400;\">: Vi g\u00f8r vores bedste for at holde oplysningerne p\u00e5 denne hjemmeside ajour. Ikke desto mindre kan vi ikke holdes ansvarlige for eventuelle fejl, udeladelser eller for\u00e6ldede oplysninger. Brug oplysningerne p\u00e5 egen risiko.  <\/span>\n<\/p>\n<\/li>\n<li style=\"font-weight: 400;\" aria-level=\"1\"><b>Eksterne links<\/b><span style=\"font-weight: 400;\">: Denne hjemmeside kan indeholde links til eksterne hjemmesider. Vi er ikke ansvarlige for indholdet af disse eksterne hjemmesider. Brugen af \u200b\u200beksterne links sker p\u00e5 eget ansvar.  <\/span>\n<\/p>\n<\/li>\n<li style=\"font-weight: 400;\" aria-level=\"1\"><b>Privatliv og cookies<\/b><span style=\"font-weight: 400;\">: Vi respekterer dit privatliv og handler i overensstemmelse med den generelle databeskyttelsesforordning (GDPR). L\u00e6s os   <\/span><span style=\"font-weight: 400;\">for mere information om, hvordan vi behandler dine data.<\/span>\n<\/p>\n<\/li>\n<li style=\"font-weight: 400;\" aria-level=\"1\"><b>\u00c6ndringer<\/b> <span style=\"font-weight: 400;\">: Vi forbeholder os retten til at \u00e6ndre indholdet af denne hjemmeside og denne ansvarsfraskrivelse til enhver tid uden forudg\u00e5ende varsel.<\/span><\/li>\n<\/ol>\n<p><span style=\"font-weight: 400;\">Hvis du har sp\u00f8rgsm\u00e5l eller kommentarer, s\u00e5 kontakt os venligst via<\/span> <a href=\"https:\/\/citycharger.kinsta.cloud\/contact\/\"><span style=\"font-weight: 400;\">kontaktsiden<\/span><\/a> <span style=\"font-weight: 400;\">.<\/span><\/p>\n\t\t\t\t\t\t\t\t<\/div>\n\t\t\t\t<\/div>\n\t\t\t\t<\/div>\n\t\t\t\t\t<\/div>\n\t\t\t\t<\/div>\n\t\t<div class=\"elementor-element elementor-element-5e7505b e-flex e-con-boxed e-con e-parent\" data-id=\"5e7505b\" data-element_type=\"container\" data-e-type=\"container\" data-settings=\"{&quot;background_background&quot;:&quot;classic&quot;}\">\n\t\t\t\t\t<div class=\"e-con-inner\">\n\t\t<div class=\"elementor-element elementor-element-ee6647c e-con-full e-flex e-con e-child\" data-id=\"ee6647c\" data-element_type=\"container\" data-e-type=\"container\" data-settings=\"{&quot;background_background&quot;:&quot;classic&quot;}\">\n\t\t<div class=\"elementor-element elementor-element-c224e0e e-flex e-con-boxed e-con e-child\" data-id=\"c224e0e\" data-element_type=\"container\" data-e-type=\"container\">\n\t\t\t\t\t<div class=\"e-con-inner\">\n\t\t<div class=\"elementor-element elementor-element-4970bcc e-flex e-con-boxed e-con e-child\" data-id=\"4970bcc\" data-element_type=\"container\" data-e-type=\"container\">\n\t\t\t\t\t<div class=\"e-con-inner\">\n\t\t\t\t<div class=\"elementor-element elementor-element-ed2f5cc elementor-widget elementor-widget-heading\" data-id=\"ed2f5cc\" data-element_type=\"widget\" data-e-type=\"widget\" data-widget_type=\"heading.default\">\n\t\t\t\t<div class=\"elementor-widget-container\">\n\t\t\t\t\t<h3 class=\"elementor-heading-title elementor-size-default\">\"Sikker opladning og leg - CityChargeR giver et b\u00f8rnevenligt milj\u00f8.\"<\/h3>\t\t\t\t<\/div>\n\t\t\t\t<\/div>\n\t\t\t\t\t<\/div>\n\t\t\t\t<\/div>\n\t\t\t\t\t<\/div>\n\t\t\t\t<\/div>\n\t\t\t\t<\/div>\n\t\t<div class=\"elementor-element elementor-element-76a695a e-con-full e-flex e-con e-child\" data-id=\"76a695a\" data-element_type=\"container\" data-e-type=\"container\">\n\t\t\t\t<div class=\"elementor-element elementor-element-e2a9d8f elementor-widget elementor-widget-text-editor\" data-id=\"e2a9d8f\" data-element_type=\"widget\" data-e-type=\"widget\" data-widget_type=\"text-editor.default\">\n\t\t\t\t<div class=\"elementor-widget-container\">\n\t\t\t\t\t\t\t\t\t<h2>Vil du ogs\u00e5 gerne oplade uden bekymringer?<\/h2>\n\t\t\t\t\t\t\t\t<\/div>\n\t\t\t\t<\/div>\n\t\t\t\t<div class=\"elementor-element elementor-element-46eedda elementor-widget elementor-widget-text-editor\" data-id=\"46eedda\" data-element_type=\"widget\" data-e-type=\"widget\" data-widget_type=\"text-editor.default\">\n\t\t\t\t<div class=\"elementor-widget-container\">\n\t\t\t\t\t\t\t\t\t<p>Er du nysgerrig p\u00e5, hvad CityChargeR kan g\u00f8re for din kommune eller dit projekt? Vi fort\u00e6ller gerne om mulighederne.   <\/p>\n\t\t\t\t\t\t\t\t<\/div>\n\t\t\t\t<\/div>\n\t\t\t\t<div class=\"elementor-element elementor-element-3908533 elementor-widget elementor-widget-text-editor\" data-id=\"3908533\" data-element_type=\"widget\" data-e-type=\"widget\" data-widget_type=\"text-editor.default\">\n\t\t\t\t<div class=\"elementor-widget-container\">\n\t\t\t\t\t\t\t\t\t<p><strong>Kontakt en af \u200b\u200bvores r\u00e5dgivere.<\/strong><\/p>\n\t\t\t\t\t\t\t\t<\/div>\n\t\t\t\t<\/div>\n\t\t\t\t<div class=\"elementor-element elementor-element-fca53d0 elementor-mobile-align-left elementor-widget elementor-widget-button\" data-id=\"fca53d0\" data-element_type=\"widget\" data-e-type=\"widget\" data-widget_type=\"button.default\">\n\t\t\t\t<div class=\"elementor-widget-container\">\n\t\t\t\t\t\t\t\t\t<div class=\"elementor-button-wrapper\">\n\t\t\t\t\t<a class=\"elementor-button elementor-button-link elementor-size-sm\" href=\"http:\/\/+31850716620\">\n\t\t\t\t\t\t<span class=\"elementor-button-content-wrapper\">\n\t\t\t\t\t\t<span class=\"elementor-button-icon\">\n\t\t\t\t<svg aria-hidden=\"true\" class=\"e-font-icon-svg e-fas-phone-alt\" viewBox=\"0 0 512 512\" xmlns=\"http:\/\/www.w3.org\/2000\/svg\"><path d=\"M497.39 361.8l-112-48a24 24 0 0 0-28 6.9l-49.6 60.6A370.66 370.66 0 0 1 130.6 204.11l60.6-49.6a23.94 23.94 0 0 0 6.9-28l-48-112A24.16 24.16 0 0 0 122.6.61l-104 24A24 24 0 0 0 0 48c0 256.5 207.9 464 464 464a24 24 0 0 0 23.4-18.6l24-104a24.29 24.29 0 0 0-14.01-27.6z\"><\/path><\/svg>\t\t\t<\/span>\n\t\t\t\t\t\t\t\t\t<span class=\"elementor-button-text\">085-0716620<\/span>\n\t\t\t\t\t<\/span>\n\t\t\t\t\t<\/a>\n\t\t\t\t<\/div>\n\t\t\t\t\t\t\t\t<\/div>\n\t\t\t\t<\/div>\n\t\t\t\t<div class=\"elementor-element elementor-element-d43e562 elementor-align-left animated-fast elementor-invisible elementor-widget elementor-widget-button\" data-id=\"d43e562\" data-element_type=\"widget\" data-e-type=\"widget\" data-settings=\"{&quot;_animation&quot;:&quot;zoomIn&quot;}\" data-widget_type=\"button.default\">\n\t\t\t\t<div class=\"elementor-widget-container\">\n\t\t\t\t\t\t\t\t\t<div class=\"elementor-button-wrapper\">\n\t\t\t\t\t<a class=\"elementor-button elementor-button-link elementor-size-sm\" href=\"https:\/\/www.citycharger.eu\/contact\/\">\n\t\t\t\t\t\t<span class=\"elementor-button-content-wrapper\">\n\t\t\t\t\t\t\t\t\t<span class=\"elementor-button-text\">Kontakte<\/span>\n\t\t\t\t\t<\/span>\n\t\t\t\t\t<\/a>\n\t\t\t\t<\/div>\n\t\t\t\t\t\t\t\t<\/div>\n\t\t\t\t<\/div>\n\t\t\t\t<\/div>\n\t\t\t\t\t<\/div>\n\t\t\t\t<\/div>\n\t\t\t\t<\/div>\n\t\t","protected":false},"excerpt":{"rendered":"<p>Ansvarsfraskrivelse Ansvarsfraskrivelse \u2013 CitychargeR Denne hjemmeside citychargeR.eu er beregnet til at give information om vores opladningsl\u00f8sning til elbiler i det offentlige rum. Vi bestr\u00e6ber os p\u00e5 at give n\u00f8jagtige og opdaterede oplysninger, men vi kan ikke garantere, at alt indhold er fejlfrit. Brug af hjemmesiden : Ved at bruge denne hjemmeside accepterer du vilk\u00e5rene og [&hellip;]<\/p>\n","protected":false},"author":1,"featured_media":0,"parent":0,"menu_order":0,"comment_status":"closed","ping_status":"closed","template":"elementor_header_footer","meta":{"footnotes":""},"class_list":["post-8185","page","type-page","status-publish","hentry"],"yoast_head":"<!-- This site is optimized with the Yoast SEO plugin v27.4 - https:\/\/yoast.com\/product\/yoast-seo-wordpress\/ -->\n<title>Ansvarsfraskrivelse - CityChargeR<\/title>\n<meta name=\"robots\" content=\"index, follow, max-snippet:-1, max-image-preview:large, max-video-preview:-1\" \/>\n<link rel=\"canonical\" href=\"https:\/\/www.citycharger.eu\/da\/ansvarsfraskrivelse\/\" \/>\n<meta property=\"og:locale\" content=\"da_DK\" \/>\n<meta property=\"og:type\" content=\"article\" \/>\n<meta property=\"og:title\" content=\"Ansvarsfraskrivelse - CityChargeR\" \/>\n<meta property=\"og:description\" content=\"Ansvarsfraskrivelse Ansvarsfraskrivelse \u2013 CitychargeR Denne hjemmeside citychargeR.eu er beregnet til at give information om vores opladningsl\u00f8sning til elbiler i det offentlige rum. Vi bestr\u00e6ber os p\u00e5 at give n\u00f8jagtige og opdaterede oplysninger, men vi kan ikke garantere, at alt indhold er fejlfrit. Brug af hjemmesiden : Ved at bruge denne hjemmeside accepterer du vilk\u00e5rene og [&hellip;]\" \/>\n<meta property=\"og:url\" content=\"https:\/\/www.citycharger.eu\/da\/ansvarsfraskrivelse\/\" \/>\n<meta property=\"og:site_name\" content=\"CityChargeR\" \/>\n<meta property=\"article:modified_time\" content=\"2024-12-18T07:31:56+00:00\" \/>\n<meta name=\"twitter:card\" content=\"summary_large_image\" \/>\n<meta name=\"twitter:label1\" content=\"Estimeret l\u00e6setid\" \/>\n\t<meta name=\"twitter:data1\" content=\"1 minut\" \/>\n<script type=\"application\/ld+json\" class=\"yoast-schema-graph\">{\"@context\":\"https:\\\/\\\/schema.org\",\"@graph\":[{\"@type\":\"WebPage\",\"@id\":\"https:\\\/\\\/www.citycharger.eu\\\/da\\\/ansvarsfraskrivelse\\\/\",\"url\":\"https:\\\/\\\/www.citycharger.eu\\\/da\\\/ansvarsfraskrivelse\\\/\",\"name\":\"Ansvarsfraskrivelse - CityChargeR\",\"isPartOf\":{\"@id\":\"https:\\\/\\\/www.citycharger.eu\\\/da\\\/#website\"},\"datePublished\":\"2024-07-12T14:54:49+00:00\",\"dateModified\":\"2024-12-18T07:31:56+00:00\",\"breadcrumb\":{\"@id\":\"https:\\\/\\\/www.citycharger.eu\\\/da\\\/ansvarsfraskrivelse\\\/#breadcrumb\"},\"inLanguage\":\"da-DK\",\"potentialAction\":[{\"@type\":\"ReadAction\",\"target\":[\"https:\\\/\\\/www.citycharger.eu\\\/da\\\/ansvarsfraskrivelse\\\/\"]}]},{\"@type\":\"BreadcrumbList\",\"@id\":\"https:\\\/\\\/www.citycharger.eu\\\/da\\\/ansvarsfraskrivelse\\\/#breadcrumb\",\"itemListElement\":[{\"@type\":\"ListItem\",\"position\":1,\"name\":\"Home\",\"item\":\"https:\\\/\\\/www.citycharger.eu\\\/da\\\/hjem\\\/\"},{\"@type\":\"ListItem\",\"position\":2,\"name\":\"Ansvarsfraskrivelse\"}]},{\"@type\":\"WebSite\",\"@id\":\"https:\\\/\\\/www.citycharger.eu\\\/da\\\/#website\",\"url\":\"https:\\\/\\\/www.citycharger.eu\\\/da\\\/\",\"name\":\"CityChargeR\",\"description\":\"\",\"potentialAction\":[{\"@type\":\"SearchAction\",\"target\":{\"@type\":\"EntryPoint\",\"urlTemplate\":\"https:\\\/\\\/www.citycharger.eu\\\/da\\\/?s={search_term_string}\"},\"query-input\":{\"@type\":\"PropertyValueSpecification\",\"valueRequired\":true,\"valueName\":\"search_term_string\"}}],\"inLanguage\":\"da-DK\"}]}<\/script>\n<!-- \/ Yoast SEO plugin. -->","yoast_head_json":{"title":"Ansvarsfraskrivelse - CityChargeR","robots":{"index":"index","follow":"follow","max-snippet":"max-snippet:-1","max-image-preview":"max-image-preview:large","max-video-preview":"max-video-preview:-1"},"canonical":"https:\/\/www.citycharger.eu\/da\/ansvarsfraskrivelse\/","og_locale":"da_DK","og_type":"article","og_title":"Ansvarsfraskrivelse - CityChargeR","og_description":"Ansvarsfraskrivelse Ansvarsfraskrivelse \u2013 CitychargeR Denne hjemmeside citychargeR.eu er beregnet til at give information om vores opladningsl\u00f8sning til elbiler i det offentlige rum. Vi bestr\u00e6ber os p\u00e5 at give n\u00f8jagtige og opdaterede oplysninger, men vi kan ikke garantere, at alt indhold er fejlfrit. Brug af hjemmesiden : Ved at bruge denne hjemmeside accepterer du vilk\u00e5rene og [&hellip;]","og_url":"https:\/\/www.citycharger.eu\/da\/ansvarsfraskrivelse\/","og_site_name":"CityChargeR","article_modified_time":"2024-12-18T07:31:56+00:00","twitter_card":"summary_large_image","twitter_misc":{"Estimeret l\u00e6setid":"1 minut"},"schema":{"@context":"https:\/\/schema.org","@graph":[{"@type":"WebPage","@id":"https:\/\/www.citycharger.eu\/da\/ansvarsfraskrivelse\/","url":"https:\/\/www.citycharger.eu\/da\/ansvarsfraskrivelse\/","name":"Ansvarsfraskrivelse - CityChargeR","isPartOf":{"@id":"https:\/\/www.citycharger.eu\/da\/#website"},"datePublished":"2024-07-12T14:54:49+00:00","dateModified":"2024-12-18T07:31:56+00:00","breadcrumb":{"@id":"https:\/\/www.citycharger.eu\/da\/ansvarsfraskrivelse\/#breadcrumb"},"inLanguage":"da-DK","potentialAction":[{"@type":"ReadAction","target":["https:\/\/www.citycharger.eu\/da\/ansvarsfraskrivelse\/"]}]},{"@type":"BreadcrumbList","@id":"https:\/\/www.citycharger.eu\/da\/ansvarsfraskrivelse\/#breadcrumb","itemListElement":[{"@type":"ListItem","position":1,"name":"Home","item":"https:\/\/www.citycharger.eu\/da\/hjem\/"},{"@type":"ListItem","position":2,"name":"Ansvarsfraskrivelse"}]},{"@type":"WebSite","@id":"https:\/\/www.citycharger.eu\/da\/#website","url":"https:\/\/www.citycharger.eu\/da\/","name":"CityChargeR","description":"","potentialAction":[{"@type":"SearchAction","target":{"@type":"EntryPoint","urlTemplate":"https:\/\/www.citycharger.eu\/da\/?s={search_term_string}"},"query-input":{"@type":"PropertyValueSpecification","valueRequired":true,"valueName":"search_term_string"}}],"inLanguage":"da-DK"}]}},"_links":{"self":[{"href":"https:\/\/www.citycharger.eu\/da\/wp-json\/wp\/v2\/pages\/8185","targetHints":{"allow":["GET"]}}],"collection":[{"href":"https:\/\/www.citycharger.eu\/da\/wp-json\/wp\/v2\/pages"}],"about":[{"href":"https:\/\/www.citycharger.eu\/da\/wp-json\/wp\/v2\/types\/page"}],"author":[{"embeddable":true,"href":"https:\/\/www.citycharger.eu\/da\/wp-json\/wp\/v2\/users\/1"}],"replies":[{"embeddable":true,"href":"https:\/\/www.citycharger.eu\/da\/wp-json\/wp\/v2\/comments?post=8185"}],"version-history":[{"count":2,"href":"https:\/\/www.citycharger.eu\/da\/wp-json\/wp\/v2\/pages\/8185\/revisions"}],"predecessor-version":[{"id":8197,"href":"https:\/\/www.citycharger.eu\/da\/wp-json\/wp\/v2\/pages\/8185\/revisions\/8197"}],"wp:attachment":[{"href":"https:\/\/www.citycharger.eu\/da\/wp-json\/wp\/v2\/media?parent=8185"}],"curies":[{"name":"wp","href":"https:\/\/api.w.org\/{rel}","templated":true}]}}